



{"id":923854,"date":"2022-12-12T13:39:43","date_gmt":"2022-12-12T13:39:43","guid":{"rendered":"https:\/\/mindspa.me\/?page_id=923854"},"modified":"2026-02-12T13:54:44","modified_gmt":"2026-02-12T10:54:44","slug":"home","status":"publish","type":"page","link":"https:\/\/mindspa-dev.ru\/es\/","title":{"rendered":"Home"},"content":{"rendered":"<div id=\"pl-923854\"  class=\"panel-layout\" ><div id=\"pg-923854-0\"  class=\"panel-grid panel-no-style\" ><div id=\"pgc-923854-0-0\"  class=\"panel-grid-cell\" ><div id=\"panel-923854-0-0-0\" class=\"widget_text so-panel widget widget_custom_html panel-first-child panel-last-child\" data-index=\"0\" ><div class=\"textwidget custom-html-widget\"><section class=\"advantages_block\">\n            <div class=\"container\">\n                <ul class=\"advantages_block-list\">\n                    <li>\n                        <p><b>Mindspa<\/b> \u2014 la app de auto-terapia l\u00edder en el mundo, confiada por m\u00e1s de 1 mill\u00f3n de personas. Nuestras herramientas te ayudan a enfrentar los retos de la salud mental y a potenciar los resultados de tu proceso terap\u00e9utico<\/p>\n\t\t\t\t\t\t\t\t\t<\/li><\/ul>\n            <\/div>\n<\/section>\n<\/div><\/div><\/div><\/div><div id=\"pg-923854-1\"  class=\"panel-grid panel-no-style\" ><div id=\"pgc-923854-1-0\"  class=\"panel-grid-cell\" ><div id=\"panel-923854-1-0-0\" class=\"widget_text so-panel widget widget_custom_html panel-first-child panel-last-child\" data-index=\"1\" ><div class=\"textwidget custom-html-widget\"><section class=\"cources_block\">\n            <div class=\"container\">\n                <h2 class=\"cources_block-title\">Cursos terap\u00e9uticos<\/h2>\n\t\t\t\t\t\t\t<!--<div class=\"courses-skeleton\">\n\t\t\t\t\t\t\t\t\t\t\t<div class=\"skeleton-item\"><\/div>\n\t\t\t\t\t\t\t\t\t\t\t<div class=\"skeleton-item\"><\/div>\n\t\t\t\t\t\t\t\t\t\t\t<div class=\"skeleton-item\"><\/div>\n\t\t\t\t\t\t\t\t\t\t\t<div class=\"skeleton-item\"><\/div>\n\t\t\t\t\t\t\t\t\t<\/div>-->\n                <div id=\"courses-content\" class=\"swiper-container\" style='visibility: hidden;'>\n                    <div class=\"swiper-wrapper\">\n\t\t\t\t\t\t\t\t\t\t\t\n                        <div style=\"background-image: url(\/wp-content\/uploads\/slide_1.webp);\" class=\"swiper-slide cources_block-item antidot\">\n                            <a href=\"https:\/\/mindspa-dev.ru\/es\/lubogolism\/\" target=\"_self\"><div class=\"cources_block-item-text\">\n                                <h3>Inteligencia emocional<\/h3>\n                                <p>Un programa de automejoramiento dise\u00f1ado para cultivar y fortalecer la inteligencia emocional.<br><br>Desarrollado por un equipo de psic\u00f3logos expertos especializados en CBT, terapia Gestalt, EMDR, psicolog\u00eda positiva y pr\u00e1cticas de mindfulness.<br><br>Este curso lo guiar\u00e1 y asistir\u00e1 a trav\u00e9s de una combinaci\u00f3n de teor\u00eda y ejercicios pr\u00e1cticos.<\/p>\n                            <\/div>   <\/a> \n                            <p class=\"cources_block-item-duration\">29 lecciones<\/p>\n\t\t\t\t\t\t\t\t\t\t\t\t\t<div class=\"often_buy-list-item-button\">\n            <div class=\"nv-card-content-wrapper\"><a href=\"https:\/\/mindspa-dev.ru\/es\/lubogolism\/\" target=\"_self\" class=\"woocommerce-LoopProduct-link woocommerce-loop-product__link\">            Lee m\u00e1s\n            <\/a><\/div>\n        <\/div>\n                      \n                        <\/div>\n                        <div style=\"background-image: url(\/wp-content\/uploads\/slide_4.webp);\" class=\"swiper-slide cources_block-item antiodin\">\n                           <a href=\"https:\/\/mindspa-dev.ru\/es\/probughdenie\/\" target=\"_self\"> <div class=\"cources_block-item-text\">\n                                <h3>Superar una separaci\u00f3n<\/h3>\n                                <p>Este programa est\u00e1 dise\u00f1ado para ayudarte a superar la parte m\u00e1s triste de una ruptura y comenzar una nueva vida m\u00e1s feliz.<br><br>Desarrollado por un equipo de psic\u00f3logos expertos especializados en CBT, terapia Gestalt, EMDR, psicolog\u00eda positiva y pr\u00e1cticas de mindfulness.<br><br>Este curso lo guiar\u00e1 y asistir\u00e1 a trav\u00e9s de una combinaci\u00f3n de teor\u00eda y ejercicios pr\u00e1cticos.<\/p>\n                            <\/div><\/a>\n                            <p class=\"cources_block-item-duration\">30 lecciones<\/p>\n\t\t\t\t\t\t\t\t\t\t\t\t\t<div class=\"often_buy-list-item-button\">\n            <div class=\"nv-card-content-wrapper\"><a href=\"https:\/\/mindspa-dev.ru\/es\/probughdenie\/\" target=\"_self\" class=\"woocommerce-LoopProduct-link woocommerce-loop-product__link\">            Lee m\u00e1s\n            <\/a><\/div>\n        <\/div>\n\t\t\t\t\t\t\t\t\t\t\t\t\t\n                        <\/div>\n                        <div style=\"background-image: url(\/wp-content\/uploads\/slide_3.webp);\" class=\"swiper-slide cources_block-item zhit_dalshe\">\n                          <a href=\"https:\/\/mindspa-dev.ru\/es\/tolkoneuhodi\/\" target=\"_self\">  <div class=\"cources_block-item-text\">\n                                <h3>No me dejes<\/h3>\n                                <p>\u00a1Pr\u00f3ximamente! Un programa para ayudarte a superar el apego ansioso en las relaciones, fortaleciendo tu confianza, autoestima y estabilidad emocional.<br><br>Desarrollado por un equipo de psic\u00f3logos expertos especializados en CBT, terapia Gestalt, EMDR, psicolog\u00eda positiva y pr\u00e1cticas de mindfulness.<br><br>Este curso lo guiar\u00e1 y asistir\u00e1 a trav\u00e9s de una combinaci\u00f3n de teor\u00eda y ejercicios pr\u00e1cticos.<\/p>\n                            <\/div><\/a>\n                            <p class=\"cources_block-item-duration\">26 lecciones<\/p>\n\t\t\t\t\t\t\t\t\t\t\t\t\t\t<div class=\"often_buy-list-item-button\">\n            <div class=\"nv-card-content-wrapper\"><a href=\"https:\/\/mindspa-dev.ru\/es\/tolkoneuhodi\/\" target=\"_self\" class=\"woocommerce-LoopProduct-link woocommerce-loop-product__link\">            Lee m\u00e1s\n            <\/a><\/div>\n        <\/div>\n                            \n\t\t\t\t\t\t\t\t\t\t\t\t\t<\/div>\n\t\t\t\t\t\t\t\t\t\t\t<div style=\"background-image: url(\/wp-content\/uploads\/slide_4.webp);\" class=\"swiper-slide cources_block-item antiodin\" lazy=\"true\">\n                           <a href=\"https:\/\/mindspa-dev.ru\/es\/vnutreniyrebenok\/\" target=\"_self\"> <div class=\"cources_block-item-text\">\n                                <h3>Manejo de la ansiedad<\/h3>\n                                <p>\u00a1Pr\u00f3ximamente! 10 pasos para alcanzar la calma y el equilibrio interior, aprendiendo a manejar el estr\u00e9s y la ansiedad.<br><br>Desarrollado por un equipo de psic\u00f3logos expertos especializados en CBT, terapia Gestalt, EMDR, psicolog\u00eda positiva y pr\u00e1cticas de mindfulness.<br><br>El lo guiar\u00e1 y asistir\u00e1 a trav\u00e9s de una combinaci\u00f3n de teor\u00eda y ejercicios pr\u00e1cticos.<\/p>\n                            <\/div><\/a>\n                            <p class=\"cources_block-item-duration\">10 lecciones<\/p>\n\t\t\t\t\t\t\t\t\t\t\t\t\t\t\t<div class=\"often_buy-list-item-button\">\n            <div class=\"nv-card-content-wrapper\"><a href=\"https:\/\/mindspa-dev.ru\/es\/vnutreniyrebenok\/\" target=\"_self\" class=\"woocommerce-LoopProduct-link woocommerce-loop-product__link\">            Lee m\u00e1s\n            <\/a><\/div>\n        <\/div>\n                        \n                        <\/div>\n                        <div style=\"background-image: url(\/wp-content\/uploads\/slide_2.webp);\" class=\"swiper-slide cources_block-item brosaem_kurit\">\n                           <a href=\"https:\/\/mindspa-dev.ru\/es\/kursi\/\" target=\"_self\"> <div class=\"cources_block-item-text\">\n                                <h3>Todos los cursos<\/h3>\n                                <p>Muchos programas de autoterapia creados especialmente para ti. Relaciones de pareja, problemas de baja autoestima, malos h\u00e1bitos alimenticios, conflictos familiares, vocaci\u00f3n y m\u00e1s.<br><br>Consulta nuestro cat\u00e1logo de cursos para elegir el adecuado para ti.<\/p>\n                            <\/div><\/a>\n\t\t\t\t\t\t\t\t\t\t\t\t\t <p class=\"cources_block-item-duration\">7-40 lecciones<\/p>\n\t\t\t\t\t\t\t\t\t\t\t\t\t<div class=\"often_buy-list-item-button\">\n            <div class=\"nv-card-content-wrapper\"><a href=\"https:\/\/mindspa-dev.ru\/es\/kursi\/\" class=\"woocommerce-LoopProduct-link woocommerce-loop-product__link\">Cat\u00e1logo<\/a><\/div>\n        <\/div>\n\t\t\t\t\t\t\t\t\t\t\t\t\t\n                        <\/div>\n                    <\/div>\n                <\/div>\n                <div class=\"swiper_navigation\" style='visibility: hidden;'>\n                    <div class=\"container\">\n                        <div class=\"swiper-buttons\">\n                            <div class=\"swiper-button-prev\"><\/div>\n                            <div class=\"swiper-button-next\"><\/div>\n                        <\/div>\n                    <\/div>\n                <\/div>\n            <\/div>\n        <\/section><\/div><\/div><\/div><\/div><div id=\"pg-923854-2\"  class=\"panel-grid panel-no-style\" ><div id=\"pgc-923854-2-0\"  class=\"panel-grid-cell\" ><div id=\"panel-923854-2-0-0\" class=\"widget_text so-panel widget widget_custom_html panel-first-child panel-last-child\" data-index=\"2\" ><div class=\"textwidget custom-html-widget\"><div class=\"container\">\n<br>\n<h2 class=\"cources_block-title\">Retos que puedes enfrentar con auto-terapia:<\/h2>\n<\/div>\n<div class=\"container\" align=\"center\">\n<span class=\"tag-cloud\"><a href=\"#\">Amar<\/a><\/span>\n<span class=\"tag-cloud\"><a href=\"#\">Relaciones<\/a><\/span>\n<span class=\"tag-cloud\"><a href=\"#\">Autoestima<\/a><\/span>\n<span class=\"tag-cloud\"><a href=\"#\">Crecimiento personal<\/a><\/span>\n<span class=\"tag-cloud\"><a href=\"#\">Emociones<\/a><\/span>\n<span class=\"tag-cloud\"><a href=\"#\">Sentimientos<\/a><\/span>\n<span class=\"tag-cloud\"><a href=\"#\">Independencia financiera<\/a><\/span>\n<span class=\"tag-cloud\"><a href=\"#\">Productividad<\/a><\/span>\n<span class=\"tag-cloud\"><a href=\"#\">Amistades<\/a><\/span>\n<span class=\"tag-cloud\"><a href=\"#\">H\u00e1bitos alimenticios<\/a><\/span>\n<span class=\"tag-cloud\"><a href=\"#\">Comunicaci\u00f3n<\/a><\/span>\n<span class=\"tag-cloud\"><a href=\"#\">Padres e hijos<\/a><\/span>\n<span class=\"tag-cloud\"><a href=\"#\">Malos h\u00e1bitos<\/a><\/span>\n<\/div><\/div><\/div><\/div><\/div><div id=\"pg-923854-3\"  class=\"panel-grid panel-no-style\" ><div id=\"pgc-923854-3-0\"  class=\"panel-grid-cell\" ><div id=\"panel-923854-3-0-0\" class=\"widget_text so-panel widget widget_custom_html panel-first-child panel-last-child\" data-index=\"3\" ><div class=\"textwidget custom-html-widget\"><section class=\"img_block\">\n            <div class=\"container\">\n                <img decoding=\"async\" width='1200' height='444' loading=\"lazy\" src=\"\/wp-content\/themes\/neve\/source\/img\/image_3.webp\" alt=\"image for block\">\n            <\/div>\n        <\/section><\/div><\/div><\/div><\/div><div id=\"pg-923854-4\"  class=\"panel-grid panel-no-style\" ><div id=\"pgc-923854-4-0\"  class=\"panel-grid-cell\" ><div id=\"panel-923854-4-0-0\" class=\"widget_text so-panel widget widget_custom_html panel-first-child panel-last-child\" data-index=\"4\" ><div class=\"textwidget custom-html-widget\"><section class=\"help_block\">\n            <div class=\"container\">\n                <div class=\"help_block-wrap\">\n                    <div class=\"help_block-left\" width=\"50%\">\n                        <h1>El 98% de nuestros usuarios<\/h1>\n\t\t\t\t\t\t\t\t\t\t\t<h3>dice que Mindspa les ayud\u00f3 a enfrentar sus retos.<\/h3>\n                    <\/div>\n\t\t\t\t\t\t\t\t\t\t\t\t\t\t\t\t\t\t<div class=\"help_block-line\"><\/div>\n\n                    <div class=\"help_block-right\">\n                        \n                    <\/div>\n                <\/div>\n            <\/div>\n        <\/section><\/div><\/div><\/div><\/div><div id=\"pg-923854-5\"  class=\"panel-grid panel-no-style\" ><div id=\"pgc-923854-5-0\"  class=\"panel-grid-cell\" ><div id=\"panel-923854-5-0-0\" class=\"widget_text so-panel widget widget_custom_html panel-first-child panel-last-child\" data-index=\"5\" ><div class=\"textwidget custom-html-widget\"><section class=\"quality_block\">\n            <div class=\"container\">\n                <div class=\"quality_block-wrap\">\n                    <div class=\"quality_block-left\">\n                        <p>Nos basamos \u00fanicamente en m\u00e9todos basados en evidencia, respaldados por investigaciones y a\u00f1os de pr\u00e1ctica profesional<\/p>\n                    <\/div>\n                    <div class=\"quality_block-right\">\n                        <p>Nuestros programas de auto-terapia te acompa\u00f1an paso a paso para alcanzar los resultados deseados.<br><br>\nPonemos a tu disposici\u00f3n un cat\u00e1logo completo con m\u00e1s de 35 cursos y programas de auto-terapia, dise\u00f1ados por psic\u00f3logos expertos.<br>\nCada producto combina las mejores herramientas terap\u00e9uticas, un enfoque estructurado y un apoyo constante.<br><br>\nLa soluci\u00f3n ideal para quienes no pueden permitirse un proceso de psicoterapia o para quienes desean incrementar los beneficios de la terapia tradicional.<\/p>\n                    <\/div>\n                <\/div>\n            <\/div>\n        <\/section><\/div><\/div><\/div><\/div><div id=\"pg-923854-6\"  class=\"panel-grid panel-no-style\" ><div id=\"pgc-923854-6-0\"  class=\"panel-grid-cell\" ><div id=\"panel-923854-6-0-0\" class=\"widget_text so-panel widget widget_custom_html panel-first-child panel-last-child\" data-index=\"6\" ><div class=\"textwidget custom-html-widget\"><section class=\"app_block\">\n            <div class=\"container\">\n                <div class=\"app_block-wrap\">\n\t\t\t\t\t\t\t\t\t<h2>\u00bfC\u00f3mo empezar con la auto-terapia?<\/h2>\n\t\t\t\t\t\t\t\t\t<p><b>Gratis en la app de Mindspa:<\/b><br>un diario terap\u00e9utico, cientos de ejercicios de afrontamiento, un chatbot de emergencia para apoyo r\u00e1pido y muchos art\u00edculos.<\/p>\n\t\t\t\t\t\t\t\t\t<p><b>De pago en la app de Mindspa:<\/b><br>cursos dise\u00f1ados para temas espec\u00edficos, que ofrecen un recorrido terap\u00e9utico con teor\u00eda, ejercicios para la mente y el cuerpo, meditaciones y apoyo profesional.<\/p>\n                    <div class=\"app_block-links\">\n                        <a href=\"https:\/\/play.google.com\/store\/apps\/details?id=me.mindspa.app\" target=\"_blanck\">\n                            <img decoding=\"async\" width='173' loading=\"lazy\" src=\"\/wp-content\/themes\/neve\/source\/img\/gp_big.png\" alt=\"\">\n                        <\/a>\n                        <a href=\"https:\/\/apps.apple.com\/app\/mindspa\/id1493381872\" target=\"_blanck\">\n                            <img decoding=\"async\" width='173'  loading=\"lazy\" src=\"\/wp-content\/themes\/neve\/source\/img\/ap_big.png\" alt=\"\">\n                        <\/a>\n                    <\/div>\n                <\/div>\n            <\/div>\n        <\/section><\/div><\/div><\/div><\/div><div id=\"pg-923854-7\"  class=\"panel-grid panel-no-style\" ><div id=\"pgc-923854-7-0\"  class=\"panel-grid-cell\" ><div id=\"panel-923854-7-0-0\" class=\"widget_text so-panel widget widget_custom_html panel-first-child panel-last-child\" data-index=\"7\" ><div class=\"textwidget custom-html-widget\"><section class=\"plus_block\">\n            <div class=\"container\">\n                <ul class=\"plus_block-list\">\n                    <li>\n                        <h3>La aplicaci\u00f3n se actualiza constantemente con nuevas herramientas, funciones, nuevos cursos y mejoramos nuestros programas de apoyo<\/h3>\n                    <\/li>\n                    <li>\n                        <h3>Mindspa recibi\u00f3 las acreditaciones ORCHA y DHAF, y se encuentra entre las 5 mejores app de salud mental en m\u00e1s de 25 pa\u00edses<\/h3>\n                    <\/li>\n                    <li>\n                        <h3>No importa d\u00f3nde est\u00e9s. Mindspa funciona en todas partes y est\u00e1 disponible en varios idiomas<\/h3>\n                    <\/li>\n                <\/ul>\n            <\/div>\n        <\/section><\/div><\/div><\/div><\/div><div id=\"pg-923854-8\"  class=\"panel-grid panel-no-style\" ><div id=\"pgc-923854-8-0\"  class=\"panel-grid-cell\" ><div id=\"panel-923854-8-0-0\" class=\"widget_text so-panel widget widget_custom_html panel-first-child panel-last-child\" data-index=\"8\" ><div class=\"textwidget custom-html-widget\"><section class=\"contact_block\">\n            <div class=\"container\">\n                <div class=\"contact_block-wrap\">\n                    <h2>Cont\u00e1ctenos<\/h2>\n\t\t\t\t\t\t\t\t\t<p>Puedes escribirnos mediante el <a href=\"https:\/\/mindspa-dev.ru\/es\/contacts\/\" style=\"padding: 0px; background: none;\"><u>formulario de contacto<\/u><\/a>, \u0438\u043b\u0438 \u044d\u043b\u0435\u043a\u0442\u0440\u043e\u043d\u043d\u044b\u0439 \u0430\u0434\u0440\u0435\u0441 contact@mindspa-dev.ru.<\/p>\n                    \n                <\/div>\n            <\/div>\n        <\/section><\/div><\/div><\/div><\/div><\/div>","protected":false},"excerpt":{"rendered":"<p>Mindspa \u2014 \u044d\u0442\u043e \u043f\u0440\u0438\u043b\u043e\u0436\u0435\u043d\u0438\u0435 \u0434\u043b\u044f \u0441\u0430\u043c\u043e\u0442\u0435\u0440\u0430\u043f\u0438\u0438 \u21161 \u0432 \u0415\u0432\u0440\u043e\u043f\u0435. \u041d\u0430\u0448\u0438 \u043f\u0440\u043e\u0434\u0443\u043a\u0442\u044b \u043f\u043e\u043c\u043e\u0433\u043b\u0438 \u0443\u0436\u0435 \u0431\u043e\u043b\u0435\u0435 1 \u043c\u043b\u043d \u0447\u0435\u043b\u043e\u0432\u0435\u043a \u0441\u043f\u0440\u0430\u0432\u0438\u0442\u044c\u0441\u044f \u0441 \u043f\u0441\u0438\u0445\u043e\u043b\u043e\u0433\u0438\u0447\u0435\u0441\u043a\u0438\u043c\u0438 \u043f\u0440\u043e\u0431\u043b\u0435\u043c\u0430\u043c\u0438 \u0438 \u0443\u043b\u0443\u0447\u0448\u0438\u0442\u044c \u0440\u0435\u0437\u0443\u043b\u044c\u0442\u0430\u0442\u044b \u043e\u0442 \u0440\u0430\u0431\u043e\u0442\u044b \u0441 \u043f\u0441\u0438\u0445\u043e\u043b\u043e\u0433\u043e\u043c \u041f\u043e\u043f\u0443\u043b\u044f\u0440\u043d\u044b\u0435 \u043a\u0443\u0440\u0441\u044b \u041b\u044e\u0431\u043e\u0433\u043e\u043b\u0438\u0437\u043c\u3164 \u041a\u0443\u0440\u0441 \u0434\u043b\u044f \u043f\u0440\u043e\u0440\u0430\u0431\u043e\u0442\u043a\u0438 \u0441\u043e\u0437\u0430\u0432\u0438\u0441\u0438\u043c\u043e\u0441\u0442\u0438. \u0418\u0441\u0446\u0435\u043b\u0438 \u0441\u0435\u0431\u044f \u0438 \u043e\u0442\u043d\u043e\u0448\u0435\u043d\u0438\u044f, \u0441\u0442\u0430\u043d\u044c \u0441\u0430\u043c\u043e\u0434\u043e\u0441\u0442\u0430\u0442\u043e\u0447\u043d\u043e\u0439 \u043b\u0438\u0447\u043d\u043e\u0441\u0442\u044c\u044e, \u043e\u0431\u0440\u0435\u0442\u0438 \u0437\u0434\u043e\u0440\u043e\u0432\u0443\u044e \u043d\u0435\u0437\u0430\u0432\u0438\u0441\u0438\u043c\u043e\u0441\u0442\u044c.\u0422\u0435\u043a\u0441\u0442, \u0430\u0443\u0434\u0438\u043e, \u0432\u0438\u0434\u0435\u043e.\u0422\u0435\u043e\u0440\u0438\u044f, \u0443\u043f\u0440\u0430\u0436\u043d\u0435\u043d\u0438\u044f, \u0442\u0435\u043b\u0435\u0441\u043d\u044b\u0435 \u043f\u0440\u0430\u043a\u0442\u0438\u043a\u0438, EMDR, \u043c\u0435\u0434\u0438\u0442\u0430\u0446\u0438\u0438. 29 \u0434\u043d\u0435\u0439 \u041f\u043e\u0434\u0440\u043e\u0431\u043d\u0435\u0435&hellip;&nbsp;<a href=\"https:\/\/mindspa-dev.ru\/es\/\" class=\"\" rel=\"bookmark\">Leer m\u00e1s &raquo;<span class=\"screen-reader-text\">Home<\/span><\/a><\/p>","protected":false},"author":1,"featured_media":0,"parent":0,"menu_order":0,"comment_status":"closed","ping_status":"closed","template":"","meta":{"neve_meta_sidebar":"","neve_meta_container":"","neve_meta_enable_content_width":"off","neve_meta_content_width":100,"neve_meta_title_alignment":"","neve_meta_author_avatar":"","neve_post_elements_order":"","neve_meta_disable_header":"","neve_meta_disable_footer":"","neve_meta_disable_title":"","footnotes":""},"class_list":["post-923854","page","type-page","status-publish","hentry"],"_links":{"self":[{"href":"https:\/\/mindspa-dev.ru\/es\/wp-json\/wp\/v2\/pages\/923854","targetHints":{"allow":["GET"]}}],"collection":[{"href":"https:\/\/mindspa-dev.ru\/es\/wp-json\/wp\/v2\/pages"}],"about":[{"href":"https:\/\/mindspa-dev.ru\/es\/wp-json\/wp\/v2\/types\/page"}],"author":[{"embeddable":true,"href":"https:\/\/mindspa-dev.ru\/es\/wp-json\/wp\/v2\/users\/1"}],"replies":[{"embeddable":true,"href":"https:\/\/mindspa-dev.ru\/es\/wp-json\/wp\/v2\/comments?post=923854"}],"version-history":[{"count":21,"href":"https:\/\/mindspa-dev.ru\/es\/wp-json\/wp\/v2\/pages\/923854\/revisions"}],"predecessor-version":[{"id":1004364,"href":"https:\/\/mindspa-dev.ru\/es\/wp-json\/wp\/v2\/pages\/923854\/revisions\/1004364"}],"wp:attachment":[{"href":"https:\/\/mindspa-dev.ru\/es\/wp-json\/wp\/v2\/media?parent=923854"}],"curies":[{"name":"wp","href":"https:\/\/api.w.org\/{rel}","templated":true}]}}