



{"id":11403,"date":"2022-10-07T09:05:52","date_gmt":"2022-10-07T09:05:52","guid":{"rendered":"https:\/\/www.mindspa.me\/?post_type=product&#038;p=11403"},"modified":"2026-03-03T21:16:23","modified_gmt":"2026-03-03T18:16:23","slug":"superar-una-separacion-para-mujer","status":"publish","type":"product","link":"https:\/\/mindspa-dev.ru\/es\/c\/superar-una-separacion-para-mujer\/","title":{"rendered":"Superar una separaci\u00f3n (para mujer)"},"content":{"rendered":"<p><img loading=\"lazy\" decoding=\"async\" class=\"alignnone size-medium\" src=\"\/wp-content\/uploads\/2023\/08\/Details_ES.png\" width=\"764\" height=\"280\" \/><\/p>\n<div class=\"title-container\">\n<p><img decoding=\"async\" style=\"width: 100%;\" src=\"\/wp-content\/uploads\/2023\/03\/title-bar.png\" alt=\"title\" \/><\/p>\n<div class=\"title-position\">BREVE RESUMEN SOBRE LAS RUPTURA<\/div>\n<\/div>\n<p>Las rupturas siempre son dolorosas, independientemente de la raz\u00f3n que las cause y de qui\u00e9n en la pareja decida terminar la relaci\u00f3n. Querer poner fin a una relaci\u00f3n cuando la otra persona no quiere puede causar tristeza, culpa y preocupaci\u00f3n. Ser abandonado causa mucho sufrimiento y la sensaci\u00f3n de ser rechazado. Incluso si uno se separa de com\u00fan acuerdo, es normal experimentar sentimientos dif\u00edciles como la ira o la depresi\u00f3n, al menos por un tiempo. Por muy dolorosa que sea la decisi\u00f3n, hay formas saludables de lidiar y superar una ruptura. Con el tiempo, el apoyo de familiares y amigos, la reflexi\u00f3n y la autocompasi\u00f3n, se puede volver a estar bien.<\/p>\n<p>No hay una manera correcta de sentirse despu\u00e9s de una ruptura, o de lidiar con ella, y no hay un tiempo preestablecido para superarla. Es importante tomarse el tiempo para procesarla en sus propios t\u00e9rminos y no esforzarse por superarla o avanzar m\u00e1s r\u00e1pido.<\/p>\n<p>Dejarse es dif\u00edcil y se pueden experimentar sentimientos complicados, intensos y contradictorios. Algunos son negativos, pero tambi\u00e9n pueden haber positivos, como una sensaci\u00f3n de libertad, alivio o conciencia. Hay que tratar de evitar los sentimientos de culpa y la autocr\u00edtica e intentar concentrarse en la aplicaci\u00f3n de las lecciones aprendidas de la relaci\u00f3n y en la creaci\u00f3n de la vida que se desea vivir.<\/p>\n<p>Aunque es normal lamentar lo que se pierde en una separaci\u00f3n, el final de una relaci\u00f3n a menudo abre nuevas oportunidades como nuevos pasatiempos, actividades y amistades, o la posibilidad de reinvertir en aquellos a los que no priorizamos durante la relaci\u00f3n. Estar abierto a nuevas experiencias y personas es un paso importante y saludable para avanzar.<\/p>\n<div class=\"title-container\">\n<p><img decoding=\"async\" style=\"width: 100%;\" src=\"\/wp-content\/uploads\/2023\/03\/title-bar.png\" alt=\"title\" \/><\/p>\n<div class=\"title-position\">\u00bfA QUI\u00c9N VA DIRIGIDO EL CURSO?<\/div>\n<\/div>\n<p>\u00bfC\u00f3mo saber si el curso es adecuado para ti? Si constantemente piensas en tu ex pareja, si la relaci\u00f3n ha terminado hace un tiempo, pero a\u00fan no puedes dejarla atr\u00e1s, si tu vida cotidiana resulta alterada y significativamente destruida despu\u00e9s de la ruptura, si sientes una profunda sensaci\u00f3n de p\u00e9rdida desde el final de la relaci\u00f3n y prefieres quedarte en casa y evitar salir tanto como sea posible, entonces el curso \u201cPost ruptura\u201d definitivamente puede ser de gran ayuda para ti.<\/p>\n<p>Este programa terap\u00e9utico est\u00e1 indicado para los que acaban de afrontar una separaci\u00f3n o una ruptura sentimental, para los que no logran superar el final de una relaci\u00f3n incluso despu\u00e9s de mucho tiempo, para los que piensan constantemente en las relaciones pasadas. Tambi\u00e9n es adecuado para las personas que quieren dejar atr\u00e1s el pasado, recuperar la confianza en el mundo y en las personas, construir una nueva relaci\u00f3n, lidiar con la culpa, la ira y otros sentimientos dif\u00edciles.<\/p>\n<div class=\"title-container\">\n<p><img decoding=\"async\" style=\"width: 100%;\" src=\"\/wp-content\/uploads\/2023\/03\/title-bar.png\" alt=\"title\" \/><\/p>\n<div class=\"title-position\">\u00bfCU\u00c1L ES EL PROGRAMA DEL CURSO?<\/div>\n<\/div>\n<ul>\n<li>An\u00e1lisis de las 7 fases de la p\u00e9rdida<\/li>\n<li>C\u00f3mo adquirir los fundamentos de la autoayuda<\/li>\n<li>C\u00f3mo eliminar los pensamientos intrusivos<\/li>\n<li>C\u00f3mo superar la dependencia sexual de tu ex<\/li>\n<li>Construir una barrera defensiva contra la apat\u00eda<\/li>\n<li>Aprender a manejar los sentimientos dif\u00edciles (resentimiento, culpa, ira, miedo)<\/li>\n<li>Aprender a dejarse llevar<\/li>\n<li>Sanar la autoestima<\/li>\n<li>Aprender a creer en su propio atractivo<\/li>\n<li>C\u00f3mo encontrar el deseo de establecer una nueva relaci\u00f3n<\/li>\n<li>Comprobar la adecuaci\u00f3n de los requisitos<\/li>\n<li>Trabajar en sus propios errores<\/li>\n<\/ul>\n<p>&nbsp;<\/p>\n<div class=\"title-container\">\n<p><img decoding=\"async\" style=\"width: 100%;\" src=\"\/wp-content\/uploads\/2023\/03\/title-bar.png\" alt=\"title\" \/><\/p>\n<div class=\"title-position\">\u00bfC\u00d3MO SE ESTRUCTURA EL CURSO?<\/div>\n<\/div>\n<p>El curso tiene un enfoque gradual. A lo largo de su duraci\u00f3n, cada d\u00eda se desbloquear\u00e1 una nueva clase. Tendr\u00e1s la tarea de estudiar la teor\u00eda y completar los ejercicios diarios que te ayudar\u00e1n a consolidar tu progreso y fortalecer los nuevos h\u00e1bitos. Analizar\u00e1s los aspectos a mejorar, te familiarizar\u00e1s con nuevos conceptos, redefinir\u00e1s tus necesidades y te centrar\u00e1s en tu crecimiento.<\/p>\n<p>El curso est\u00e1 disponible en la aplicaci\u00f3n Mindspa, que se puede descargar de forma gratuita desde Google Play y App Store. Podr\u00e1s seguir el programa terap\u00e9utico a tu ritmo y en cualquier momento del d\u00eda. Dentro de la aplicaci\u00f3n, encontrar\u00e1s otros recursos gratuitos como una variedad de art\u00edculos y ejercicios, podr\u00e1s actualizar tu diario terap\u00e9utico, podr\u00e1s poner en pr\u00e1ctica varias t\u00e9cnicas de afrontamiento, tendr\u00e1s a tu disposici\u00f3n un chatbot de emergencia y mucho m\u00e1s. Tambi\u00e9n tendr\u00e1s la opci\u00f3n de tomar notas directamente en tu tel\u00e9fono. El acceso a todos los cursos en los que te hayas inscrito permanecer\u00e1 activo para siempre.<\/p>\n<div class=\"title-container\">\n<p><img decoding=\"async\" style=\"width: 100%;\" src=\"\/wp-content\/uploads\/2023\/03\/title-bar.png\" alt=\"title\" \/><\/p>\n<div class=\"title-position\">\u00bfQUI\u00c9N CRE\u00d3 EL CURSO?<\/div>\n<\/div>\n<p>Nuestro equipo est\u00e1 formado por varios psic\u00f3logos y psiquiatras con experiencia en diversas \u00e1reas de la psicolog\u00eda, que trabajan de manera colaborativa para ayudar a las personas que necesitan apoyo emocional.<\/p>\n<p>Todos nuestros cursos se basan en tesis cient\u00edficas y a\u00f1os de pr\u00e1ctica profesional. En cada curso se aplican diversas t\u00e9cnicas terap\u00e9uticas, como la TCC y la terapia Gestalt, que se encuentran entre las m\u00e1s efectivas y las m\u00e1s utilizadas en terapia. Los cursos se realizan con una atenci\u00f3n meticulosa a los detalles. Cada contenido es revisado por un m\u00ednimo de tres profesionales de la salud mental diferentes, para garantizar la precisi\u00f3n cl\u00ednica y la m\u00e1s alta calidad.<\/p>\n<p><img decoding=\"async\" src=\"https:\/\/i.ibb.co\/hHfQsx3\/ES-Refund-single.gif \" \/><\/p>\n<hr \/>\n<div align=\"center\">\n<h3><span style=\"color: #3f89c4;\">\u00a1Empieza el curso hoy!<\/span><\/h3>\n<p class=\"product woocommerce add_to_cart_inline example-cart-button\" style=\"border: 0px\"><a href=\"\/es\/wp-json\/wp\/v2\/product\/11403?add-to-cart=11403\" data-quantity=\"1\" class=\"button product_type_simple add_to_cart_button ajax_add_to_cart\" data-product_id=\"11403\" data-product_sku=\"11403\" aria-label=\"A\u00f1adir al carrito: \u201cSuperar una separaci\u00f3n (para mujer)\u201d\" rel=\"nofollow\" data-success_message=\"\u00abSuperar una separaci\u00f3n (para mujer)\u00bb se ha a\u00f1adido a tu carrito\" data-no-translation=\"\" data-trp-gettext=\"\" data-no-translation-aria-label=\"\" data-no-translation-data-success_message=\"\">A\u00f1adir al carrito<\/a><\/p>\n<\/div>\n<hr \/>\n<p><span style=\"font-size: small;\"><em>QUI\u00c9NES SOMOS &#8212;<\/em> Mindspa fue fundada en 2019 por un equipo de psic\u00f3logos, despu\u00e9s de a\u00f1os de experiencia, investigaci\u00f3n y estudios sobre las preferencias, h\u00e1bitos y necesidades de sus pacientes. En enero de 2020 se lanza la que ser\u00e1 la primera aplicaci\u00f3n italiana de salud mental, llamada Mindspa, en las tiendas de Google y Apple. A lo largo de los a\u00f1os, la aplicaci\u00f3n ha sido objeto de una serie de revisiones independientes, en las que ha recibido el mayor \u00edndice de aprobaci\u00f3n. Los recursos que ofrece aplican diversas t\u00e9cnicas terap\u00e9uticas para ayudar al usuario a manejar su salud mental, incluida la terapia TCC y Gestalt. La terapia cognitiva conductual (TCC) es uno de los m\u00e9todos de tratamiento m\u00e1s efectivos. La Gestalt es una forma de terapia que enfatiza la responsabilidad personal. Numerosos estudios tambi\u00e9n han demostrado la eficacia en el uso de funciones basadas en la IA (inteligencia artificial) conversacional, como el chatbot Mindspa, que han llevado a una mejora en la salud mental de los usuarios y han revelado la capacidad de crear un v\u00ednculo terap\u00e9utico con ellos<\/span><span style=\"font-size: small;\">.<\/span><\/p>\n<p><span style=\"font-size: small;\">A continuaci\u00f3n se presentan una serie de art\u00edculos cient\u00edficos que apoyan estas afirmaciones:<\/span><\/p>\n<p><span style=\"font-size: small;\">(1) Marciniak, Shanahan, Rohde, Schulz, et al. &#171;<em>Standalone Smartphone Cognitive Behavioral Therapy\u2013Based Ecological Momentary Interventions to Increase Mental Health: Narrative Review<\/em>&#171;. JMIR Mhealth Uhealth 2020; 8(11): e19836 DOI: 10.2196\/19836<br \/>\n<\/span><span style=\"font-size: small;\">(2) McCashin, Coyle, O\u2019Reilly. &#171;<em>Qualitative Synthesis of Young People\u2019s Experiences With Technology-Assisted Cognitive Behavioral Therapy: Systematic Review<\/em>&#171;. J Med Internet Res 2019; 21(11): e13540 DOI: 10.2196\/13540<br \/>\n<\/span><span style=\"font-size: small;\">(3) Matzko, Helga M. Gennant, and Helga M. Gennant Matzko. &#171;<em>A Gestalt Therapy Treatment Approach for Addictions: \u2018Multiphasic Transformation Process.&#187;<\/em>\u00a0Gestalt Review, vol. 1, no. 1, 1997, pp. 34\u201355. JSTOR, www.jstor.org\/stable\/44394010.<br \/>\n<\/span><span style=\"font-size: small;\">(4) Ahmed, Ali, Aziz, Hassan, Khalifa, et al. &#171;<em>A review of mobile chatbot apps for anxiety and depression and their self-care features<\/em>&#171;. Science Direct, 2021; https:\/\/doi.org\/10.1016\/j.cmpbup.2021.100012<br \/>\n<\/span><span style=\"font-size: small;\">(5) Parmar, Ryu, Pandya, Sedoc and Agarwal. &#171;<em>Health-focused conversational agents in person-centered care: a review of apps<\/em>&#171;. NPJ Digital Medicine, 2022; https:\/\/doi.org\/10.1038\/s41746-022-00560-6<\/span><\/p>","protected":false},"excerpt":{"rendered":"<p>\u00a1Prueba el curso por 3 d\u00edas sin compromiso!<\/p>","protected":false},"featured_media":982081,"template":"","meta":{"neve_meta_sidebar":"right","neve_meta_container":"","neve_meta_enable_content_width":"off","neve_meta_content_width":70,"neve_meta_title_alignment":"","neve_meta_author_avatar":"","neve_post_elements_order":"","neve_meta_disable_header":"","neve_meta_disable_footer":"","neve_meta_disable_title":""},"product_brand":[],"product_cat":[2350],"product_tag":[],"class_list":{"0":"post-11403","1":"product","2":"type-product","3":"status-publish","4":"has-post-thumbnail","6":"product_cat-cursos","8":"first","9":"instock","10":"sale","11":"virtual","12":"sold-individually","13":"taxable","14":"purchasable","15":"product-type-simple"},"_links":{"self":[{"href":"https:\/\/mindspa-dev.ru\/es\/wp-json\/wp\/v2\/product\/11403","targetHints":{"allow":["GET"]}}],"collection":[{"href":"https:\/\/mindspa-dev.ru\/es\/wp-json\/wp\/v2\/product"}],"about":[{"href":"https:\/\/mindspa-dev.ru\/es\/wp-json\/wp\/v2\/types\/product"}],"wp:featuredmedia":[{"embeddable":true,"href":"https:\/\/mindspa-dev.ru\/es\/wp-json\/wp\/v2\/media\/982081"}],"wp:attachment":[{"href":"https:\/\/mindspa-dev.ru\/es\/wp-json\/wp\/v2\/media?parent=11403"}],"wp:term":[{"taxonomy":"product_brand","embeddable":true,"href":"https:\/\/mindspa-dev.ru\/es\/wp-json\/wp\/v2\/product_brand?post=11403"},{"taxonomy":"product_cat","embeddable":true,"href":"https:\/\/mindspa-dev.ru\/es\/wp-json\/wp\/v2\/product_cat?post=11403"},{"taxonomy":"product_tag","embeddable":true,"href":"https:\/\/mindspa-dev.ru\/es\/wp-json\/wp\/v2\/product_tag?post=11403"}],"curies":[{"name":"wp","href":"https:\/\/api.w.org\/{rel}","templated":true}]}}