



{"id":2637,"date":"2022-06-09T17:51:48","date_gmt":"2022-06-09T17:51:48","guid":{"rendered":"https:\/\/mindspa.it\/?post_type=product&#038;p=2637"},"modified":"2026-03-03T21:49:25","modified_gmt":"2026-03-03T18:49:25","slug":"anti-ansia","status":"publish","type":"product","link":"https:\/\/mindspa-dev.ru\/es\/c\/anti-ansia\/","title":{"rendered":"Anti ansia"},"content":{"rendered":"<div class=\"cont_2\" align=\"center\">\n<div class=\"elfsight-app-b202980e-0236-448f-8be4-d1ad1ecfbcbf\"><\/div>\n<\/div>\n<p>&nbsp;<\/p>\n<div class=\"title-container\">\n<p><img decoding=\"async\" style=\"width: 100%;\" src=\"https:\/\/i.ibb.co\/fthyn6r\/title-bar.png\" alt=\"title\" \/><\/p>\n<div class=\"title-position\"><strong>BREVI NOZIONI SULL\u2019ANSIA<\/strong><\/div>\n<\/div>\n<p>Se sei finito su questa pagina, probabilmente hai gi\u00e0 familiarit\u00e0 con l&#8217;argomento. L&#8217;ansia \u00e8 la risposta naturale del tuo corpo allo stress, un sentimento di paura o apprensione per ci\u00f2 che potrebbe accadere. Il primo giorno di scuola o di lavoro, dover fare un discorso in pubblico o finanche una vacanza in una localit\u00e0 sconosciuta pu\u00f2 causare paura e nervosismo nella maggior parte delle persone.<\/p>\n<p>L&#8217;ansia, entro limiti ragionevoli, \u00e8 utile e, persino, necessaria. Ci mette in allerta. \u00c8 la normale risposta del nostro organismo che si prepara ad affrontare ci\u00f2 che avverte come un pericolo. Spesso l&#8217;ansia, per\u00f2, supera i limiti normali e prende completamente in ostaggio la vita di una persona iniziando a controllarla. Se i sentimenti di ansia sono estremi, durano pi\u00f9 a lungo di sei mesi e ledono la qualit\u00e0 della tua vita, si pu\u00f2 parlare di un disturbo d&#8217;ansia.<\/p>\n<p>Il disturbo d\u2019ansia \u00e8 molto diffuso, con un numero sempre maggiore di persone che ne soffre. \u00c8 bene tenere a mente che l&#8217;ansia non pu\u00f2 essere sradicata completamente, ma ci sono dei metodi per evitare che diventi un grosso problema, per permetterti di svolgere una vita senza eccessive preoccupazioni.<\/p>\n<div class=\"title-container\">\n<p><img decoding=\"async\" style=\"width: 100%;\" src=\"https:\/\/i.ibb.co\/fthyn6r\/title-bar.png\" alt=\"title\" \/><\/p>\n<div class=\"title-position\"><strong>A CHI \u00c8 RIVOLTO IL CORSO?<\/strong><\/div>\n<\/div>\n<p>I sintomi del disturbo d&#8217;ansia generalizzato sono molto vari. Possono includere:<\/p>\n<ul>\n<li>Difficolt\u00e0 a gestire l&#8217;incertezza<\/li>\n<li>Sensazione crescente di allarme e pericolo<\/li>\n<li>Preoccupazione sproporzionata rispetto all&#8217;impatto degli eventi<\/li>\n<li>Pensare troppo a piani e soluzioni per tutti i possibili esiti negativi<\/li>\n<li>Percepire situazioni ed eventi come minacciosi, anche quando non lo sono<\/li>\n<li>Indecisione e paura di prendere la decisione sbagliata<\/li>\n<li>Incapacit\u00e0 di rilassarsi, sentirsi sulle spine, essere irrequieti, tesi o nervosi<\/li>\n<li>Sensazione di essere osservati e\/o al centro dell\u2019attenzione<\/li>\n<li>Difficolt\u00e0 di concentrazione o senso di vuoto mentale<\/li>\n<\/ul>\n<p>Spesso queste sensazioni sono associate anche a sintomi psico-fisici, quali: fatica, irritabilit\u00e0, palpitazioni, difficolt\u00e0 a dormire, dolori muscolari, nausea, diarrea o sindrome dell&#8217;intestino irritabile e molti altri.<\/p>\n<p>Se hai familiarit\u00e0 con questi sintomi, allora il corso Anti Ansia pu\u00f2 sicuramente aiutarti.<\/p>\n<div class=\"title-container\">\n<p><img decoding=\"async\" style=\"width: 100%;\" src=\"https:\/\/i.ibb.co\/fthyn6r\/title-bar.png\" alt=\"title\" \/><\/p>\n<div class=\"title-position\"><strong>QUAL \u00c8 IL PROGRAMMA DEL CORSO?<\/strong><\/div>\n<\/div>\n<p>Il nostro corso \u00e8 costruito in modo tale che, gradualmente, passo dopo passo, capirai di pi\u00f9 su te stesso, sulla tua ansia e sui suoi fattori scatenanti. Il programma consiste in un metodo in 10 step, che punta ad integrare nella tua vita delle strategie di gestione dell&#8217;ansia utili ed efficaci.<\/p>\n<p>I materiali del corso includono:<\/p>\n<ul>\n<li>Teoria e suggerimenti pratici<\/li>\n<li>Esercizi cognitivi<\/li>\n<li>Meditazioni giornaliere<\/li>\n<li>Attivit\u00e0 fisiche per gestire l\u2019ansia<\/li>\n<\/ul>\n<p>Un mix di conoscenza, sistemi di autocontrollo, rituali quotidiani e allenamento fisico per ottenere i migliori risultati a lungo termine. Lavorerai sulla tua sfera cognitiva, sulla sfera emotiva, sul subconscio e sul corpo. Durante le lezioni ti aiuteremo anche a creare il tuo &#171;kit di pronto soccorso&#187; per un rapido aiuto personale durante gli attacchi di ansia.<\/p>\n<div class=\"title-container\">\n<p><img decoding=\"async\" style=\"width: 100%;\" src=\"https:\/\/i.ibb.co\/fthyn6r\/title-bar.png\" alt=\"title\" \/><\/p>\n<div class=\"title-position\"><strong>COM&#8217;\u00c8 STRUTTURATO IL CORSO?<\/strong><\/div>\n<\/div>\n<p>Ogni giorno si sbloccher\u00e0 una nuova lezione. Avrai il compito di studiare la teoria e di completare gli esercizi quotidiani che ti aiuteranno a consolidare i tuoi progressi e a rafforzare le nuove abitudini. Ogni lezione comprende una meditazione guidata. Giorno dopo giorno, analizzerai gli aspetti da migliorare, acquisirai familiarit\u00e0 con nuovi concetti, ridefinirai le tue esigenze e ti concentrerai sulla tua crescita. Alla fine del corso, noterai dei cambiamenti tangibili sia nel tuo modo di pensare sia nei tuoi comportamenti. Inizierai a vedere la vita da una prospettiva completamente nuova.<\/p>\n<p>Il corso \u00e8 disponibile nell&#8217;app Mindspa, che puoi scaricare gratuitamente da Google Play e App Store. All\u2019interno dell\u2019app, avrai inoltre accesso ad altre risorse gratuite come articoli ed esercizi, potrai aggiornare il tuo diario terapeutico, potrai mettere in pratica svariate tecniche di coping, avrai a disposizione una chatbot d\u2019emergenza e molto altro. Avrai la possibilit\u00e0 di prendere appunti, di fare annotazioni e di rispondere alle attivit\u00e0 direttamente dal tuo telefono. L\u2019accesso ad ogni corso a cui ti sei iscritto \u00e8 permanente, il che ti d\u00e0 la possibilit\u00e0 di seguire il programma terapeutico al ritmo a te pi\u00f9 congeniale.<\/p>\n<div class=\"title-container\">\n<p><img decoding=\"async\" style=\"width: 100%;\" src=\"https:\/\/i.ibb.co\/fthyn6r\/title-bar.png\" alt=\"title\" \/><\/p>\n<div class=\"title-position\"><strong>CHI HA CREATO IL CORSO?<\/strong><\/div>\n<\/div>\n<p>Il nostro team \u00e8 composto da diversi psicologi e psichiatri con competenze in varie aree della psicologia, che lavorano in modo collaborativo per aiutare le persone che necessitano di supporto emotivo.<\/p>\n<p>Tutti i nostri corsi si basano su tesi scientifiche e su anni di pratica professionale. In ogni corso vengono applicate varie tecniche terapeutiche, come la CBT e la terapia della Gestalt, che sono tra le pi\u00f9 efficaci e le pi\u00f9 usate in terapia. I corsi sono realizzati con un\u2019attenzione meticolosa ai dettagli. Ogni contenuto viene esaminato da un minimo di tre differenti professionisti della salute mentale, per garantire l&#8217;accuratezza clinica e la massima qualit\u00e0.<\/p>\n<div align=\"center\">\n<p><span style=\"color: #3f89c4;\"><strong>Inizia il corso oggi e osserva i tuoi miglioramenti<\/strong><\/span><p class=\"product woocommerce add_to_cart_inline example-cart-button\" style=\"border: 0px\"><a href=\"\/es\/wp-json\/wp\/v2\/product\/2637?add-to-cart=2637\" data-quantity=\"1\" class=\"button product_type_simple add_to_cart_button ajax_add_to_cart\" data-product_id=\"2637\" data-product_sku=\"2637\" aria-label=\"A\u00f1adir al carrito: \u201cAnti ansia\u201d\" rel=\"nofollow\" data-success_message=\"\u00abAnti ansia\u00bb se ha a\u00f1adido a tu carrito\" data-no-translation=\"\" data-trp-gettext=\"\" data-no-translation-aria-label=\"\" data-no-translation-data-success_message=\"\">A\u00f1adir al carrito<\/a><\/p><\/p>\n<p><small>Migliaia di recensioni positive dai nostri utenti<\/small><\/p>\n<\/div>\n<p>&nbsp;<\/p>\n<p><img loading=\"lazy\" decoding=\"async\" class=\"alignnone size-medium\" src=\"https:\/\/i.ibb.co\/D7kJ2r9\/mindspa-m.png\" width=\"2000\" height=\"80\" \/><\/p>\n<hr \/>\n<p><small><em>Chi siamo<\/em> &#8212; Mindspa viene fondata nel 2019 da un team di psicologi, dopo anni di esperienza, ricerche e studi su preferenze, abitudini e bisogni dei propri pazienti. Nel gennaio 2020 viene lanciata quella che sar\u00e0 la prima app italiana di salute mentale, dal nome appunto Mindspa, negli store di Google e Apple. Nel corso degli anni, l&#8217;applicazione \u00e8 stata oggetto di una serie di recensioni indipendenti, nelle quali ha ricevuto il pi\u00f9 alto indice di approvazione. Le risorse che offre applicano varie tecniche terapeutiche per aiutare l\u2019utente a gestire la sua salute mentale, comprese la terapia CBT e Gestalt. La terapia cognitivo comportamentale (CBT) \u00e8 uno dei metodi di trattamento pi\u00f9 efficaci. Ti d\u00e0 il potere di cambiare i tuoi pensieri e il modo in cui ti senti e ti comporti nei confronti di una particolare situazione, dandoti l&#8217;opportunit\u00e0 di controllare i tuoi comportamenti. La Gestalt \u00e8 una forma di terapia che enfatizza la responsabilit\u00e0 personale. Il suo obiettivo \u00e8 insegnarti a diventare consapevole delle sensazioni dentro di te e nel tuo ambiente, in modo da poter rispondere pienamente e ragionevolmente alle situazioni che possono presentarsi come potenziali fattori scatenanti. Numerosi studi hanno anche dimostrato l&#8217;efficacia nell&#8217;uso di funzionalit\u00e0 basate sull&#8217;AI (intelligenza artificiale) conversazionale, come il chatbot di Mindspa, che hanno portato ad un miglioramento della salute mentale degli utenti e hanno rivelato la capacit\u00e0 di creare un legame terapeutico con loro.<\/small><\/p>\n<p><small>Ecco una serie di articoli scientifici a sostegno di queste affermazioni:<\/small><\/p>\n<p><small>(1) Marciniak, Shanahan, Rohde, Schulz, et al. \u201c<em>Standalone Smartphone Cognitive Behavioral Therapy\u2013Based Ecological Momentary Interventions to Increase Mental Health: Narrative Review<\/em>\u201c. JMIR Mhealth Uhealth 2020; 8(11): e19836 DOI: 10.2196\/19836<br \/>\n<\/small><small>(2) McCashin, Coyle, O\u2019Reilly. \u201c<em>Qualitative Synthesis of Young People\u2019s Experiences With Technology-Assisted Cognitive Behavioral Therapy: Systematic Review<\/em>\u201c. J Med Internet Res 2019; 21(11): e13540 DOI: 10.2196\/13540<br \/>\n<\/small><small>(3) Matzko, Helga M. Gennant, and Helga M. Gennant Matzko. \u201c<em>A Gestalt Therapy Treatment Approach for Addictions: \u2018Multiphasic Transformation Process.\u201d<\/em>\u00a0Gestalt Review, vol. 1, no. 1, 1997, pp. 34\u201355. JSTOR, <a href=\"http:\/\/www.jstor.org\/stable\/44394010\">www.jstor.org\/stable\/44394010<\/a>.<br \/>\n<\/small><small>(4) Ahmed, Ali, Aziz, Hassan, Khalifa, et al. \u201c<em>A review of mobile chatbot apps for anxiety and depression and their self-care features<\/em>\u201c. Science Direct, 2021; <a href=\"https:\/\/doi.org\/10.1016\/j.cmpbup.2021.100012\">https:\/\/doi.org\/10.1016\/j.cmpbup.2021.100012<\/a><br \/>\n<\/small><small>(5) Parmar, Ryu, Pandya, Sedoc and Agarwal. \u201c<em>Health-focused conversational agents in person-centered care: a review of apps<\/em>\u201c. NPJ Digital Medicine, 2022; <a href=\"https:\/\/doi.org\/10.1038\/s41746-022-00560-6\">https:\/\/doi.org\/10.1038\/s41746-022-00560-6<\/a><\/small><\/p>","protected":false},"excerpt":{"rendered":"<p>&nbsp; BREVI NOZIONI SULL\u2019ANSIA Se sei finito su questa pagina, probabilmente hai gi\u00e0 familiarit\u00e0 con l&#8217;argomento. L&#8217;ansia \u00e8 la risposta naturale del tuo corpo allo stress, un sentimento di paura o apprensione per ci\u00f2 che potrebbe accadere. Il primo giorno di scuola o di lavoro, dover fare un discorso in pubblico o finanche una vacanza&hellip;&nbsp;<a href=\"https:\/\/mindspa-dev.ru\/es\/c\/anti-ansia\/\" class=\"\" rel=\"bookmark\">Leer m\u00e1s &raquo;<span class=\"screen-reader-text\">Anti ansia<\/span><\/a><\/p>","protected":false},"featured_media":982083,"template":"","meta":{"neve_meta_sidebar":"right","neve_meta_container":"","neve_meta_enable_content_width":"off","neve_meta_content_width":70,"neve_meta_title_alignment":"","neve_meta_author_avatar":"","neve_post_elements_order":"","neve_meta_disable_header":"","neve_meta_disable_footer":"","neve_meta_disable_title":""},"product_brand":[],"product_cat":[2349],"product_tag":[],"class_list":{"0":"post-2637","1":"product","2":"type-product","3":"status-publish","4":"has-post-thumbnail","6":"product_cat-corsi","8":"first","9":"instock","10":"sale","11":"virtual","12":"sold-individually","13":"taxable","14":"purchasable","15":"product-type-simple"},"_links":{"self":[{"href":"https:\/\/mindspa-dev.ru\/es\/wp-json\/wp\/v2\/product\/2637","targetHints":{"allow":["GET"]}}],"collection":[{"href":"https:\/\/mindspa-dev.ru\/es\/wp-json\/wp\/v2\/product"}],"about":[{"href":"https:\/\/mindspa-dev.ru\/es\/wp-json\/wp\/v2\/types\/product"}],"wp:featuredmedia":[{"embeddable":true,"href":"https:\/\/mindspa-dev.ru\/es\/wp-json\/wp\/v2\/media\/982083"}],"wp:attachment":[{"href":"https:\/\/mindspa-dev.ru\/es\/wp-json\/wp\/v2\/media?parent=2637"}],"wp:term":[{"taxonomy":"product_brand","embeddable":true,"href":"https:\/\/mindspa-dev.ru\/es\/wp-json\/wp\/v2\/product_brand?post=2637"},{"taxonomy":"product_cat","embeddable":true,"href":"https:\/\/mindspa-dev.ru\/es\/wp-json\/wp\/v2\/product_cat?post=2637"},{"taxonomy":"product_tag","embeddable":true,"href":"https:\/\/mindspa-dev.ru\/es\/wp-json\/wp\/v2\/product_tag?post=2637"}],"curies":[{"name":"wp","href":"https:\/\/api.w.org\/{rel}","templated":true}]}}