



{"id":4824,"date":"2020-12-25T17:27:02","date_gmt":"2020-12-25T17:27:02","guid":{"rendered":"https:\/\/www.mindspa.me\/?post_type=product&#038;p=4824"},"modified":"2026-03-03T21:22:05","modified_gmt":"2026-03-03T18:22:05","slug":"post-breakup","status":"publish","type":"product","link":"https:\/\/mindspa-dev.ru\/es\/c\/post-breakup\/","title":{"rendered":"Superar una separaci\u00f3n"},"content":{"rendered":"<div class=\"title-container\">\n<p><img decoding=\"async\" style=\"width: 100%;\" src=\"\/wp-content\/uploads\/2023\/03\/title-bar.png\" alt=\"title\" \/><\/p>\n<div class=\"title-position\"><strong>PARA QUI\u00c9N ES ESTE CURSO:<\/strong><\/div>\n<\/div>\n<p>&nbsp;<\/p>\n<p>Si te cuesta seguir adelante despu\u00e9s de una ruptura, este curso est\u00e1 hecho para ti. Tal vez extra\u00f1as tanto a tu ex que se siente insoportable. Tal vez han pasado meses y a\u00fan no logras soltar. O quiz\u00e1s te sientes atrapada en el pasado\u2014repasando recuerdos, cuestion\u00e1ndote todo y pregunt\u00e1ndote si alg\u00fan d\u00eda volver\u00e1s a sentirte completa.<\/p>\n<p>&nbsp;<\/p>\n<p>Este programa est\u00e1 dise\u00f1ado especialmente para mujeres que sienten que su \u00faltima relaci\u00f3n las dej\u00f3 agotadas\u2014emocional, mental e incluso f\u00edsicamente. Si tu confianza se rompi\u00f3, si sientes que perdiste tu esencia o si est\u00e1s intentando recuperarte de una relaci\u00f3n abusiva sin saber c\u00f3mo dar el primer paso, este curso te mostrar\u00e1 el camino.<\/p>\n<p>&nbsp;<\/p>\n<p>No importa en qu\u00e9 punto est\u00e9s de tu proceso de sanaci\u00f3n, hay una verdad que nunca cambia: puedes recuperar tu felicidad. Puedes reconstruir tu confianza. Y no tienes que hacerlo sola\u2014este curso te ofrece las herramientas, la gu\u00eda y el apoyo que necesitas para soltar de una vez y abrirte a un futuro m\u00e1s luminoso.<\/p>\n<p>&nbsp;<\/p>\n<div class=\"title-container\">\n<p><img decoding=\"async\" style=\"width: 100%;\" src=\"\/wp-content\/uploads\/2023\/03\/title-bar.png\" alt=\"title\" \/><\/p>\n<div class=\"title-position\"><strong><span style=\"vertical-align: inherit;\"><span style=\"vertical-align: inherit;\">QU\u00c9 VAS A CONSEGUIR CON ESTE CURSO:<\/span><\/span><\/strong><\/div>\n<\/div>\n<p>&nbsp;<\/p>\n<p>Una de nuestras usuarias lo expres\u00f3 de la mejor manera: \u201c<em>Por fin puedo volver a respirar.<\/em>\u201d Eso es exactamente lo que queremos para ti.<\/p>\n<p>&nbsp;<\/p>\n<p>Al terminar este curso no solo te sentir\u00e1s libre de tu ex, sino tambi\u00e9n de los pensamientos, emociones y patrones que te han estado reteniendo. No m\u00e1s darle vueltas obsesivas al pasado. No m\u00e1s recuerdos repentinos que abren viejas heridas. No m\u00e1s ese tir\u00f3n emocional que te arrastra a lo que ya termin\u00f3.<\/p>\n<p>&nbsp;<\/p>\n<p>En su lugar, volver\u00e1s a sentirte t\u00fa misma: fuerte, segura y llena de energ\u00eda para crear un futuro que realmente te entusiasme. Recuperar\u00e1s la confianza en ti, reconocer\u00e1s tu verdadero valor y entender\u00e1s c\u00f3mo se ve una relaci\u00f3n sana y plena.<\/p>\n<p>&nbsp;<\/p>\n<p>Y lo m\u00e1s importante: encontrar\u00e1s paz\u2014contigo misma, con tu pasado e incluso con tu ex, si eso es lo que necesitas para avanzar.<\/p>\n<p>&nbsp;<\/p>\n<p>Esto no trata solo de soltar. Trata de recuperar tu vida, tu fuerza y tu felicidad.<\/p>\n<p>&nbsp;<\/p>\n<div align=\"center\">\n<p class=\"product woocommerce add_to_cart_inline example-cart-button\" style=\"border: 0px;\"><a class=\"button product_type_simple add_to_cart_button ajax_add_to_cart\" href=\"?add-to-cart=4824\" rel=\"nofollow\" data-quantity=\"1\">COMIENZA AHORA<\/a><\/p>\n<\/div>\n<p>&nbsp;<\/p>\n<div class=\"title-container\">\n<p><img decoding=\"async\" style=\"width: 100%;\" src=\"\/wp-content\/uploads\/2023\/03\/title-bar.png\" alt=\"title\" \/><\/p>\n<div class=\"title-position\"><strong><span style=\"vertical-align: inherit;\"><span style=\"vertical-align: inherit;\">QU\u00c9 INCLUYE EL CURSO:<\/span><\/span><\/strong><\/div>\n<\/div>\n<p>&nbsp;<\/p>\n<p>Este curso est\u00e1 dise\u00f1ado para ser pr\u00e1ctico y, al mismo tiempo, transformador. Dentro encontrar\u00e1s todo lo que necesitas para sanar, soltar y abrir tu nueva etapa con confianza:<\/p>\n<p>&nbsp;<\/p>\n<p><strong>\u2713 Gu\u00eda clara y de apoyo<\/strong> que explica exactamente lo que sucede en tu mente y en tu cuerpo durante una ruptura\u2014y c\u00f3mo reprogramar tu mentalidad para avanzar de una vez por todas.<\/p>\n<p>&nbsp;<\/p>\n<p><strong>\u2713 Ejercicios psicol\u00f3gicos poderosos<\/strong> per elaborare le emozioni, riscrivere la tua storia e riconnetterti con la parte pi\u00f9 forte di te stessa.<\/p>\n<p>&nbsp;<\/p>\n<p><strong>\u2713 T\u00e9cnicas comprobadas<\/strong> para liberarte de pensamientos intrusivos, emociones abrumadoras y esos bucles mentales que te mantienen atrapada.<\/p>\n<p>&nbsp;<\/p>\n<p><strong>\u2713 Pr\u00e1cticas<\/strong> efectivas para liberar la tensi\u00f3n emocional, recuperar la confianza en ti y volver a tomar el control de tu vida.<\/p>\n<p>&nbsp;<\/p>\n<p>Cada lecci\u00f3n est\u00e1 disponible en formato texto\u2014para que aprendas, practiques y transformes tu vida en cualquier momento y lugar.<\/p>\n<p>&nbsp;<\/p>\n<div class=\"title-container\">\n<p><img decoding=\"async\" style=\"width: 100%;\" src=\"\/wp-content\/uploads\/2023\/03\/title-bar.png\" alt=\"title\" \/><\/p>\n<div class=\"title-position\"><strong><span style=\"vertical-align: inherit;\"><span style=\"vertical-align: inherit;\">C\u00d3MO FUNCIONA EL CURSO:<\/span><\/span><\/strong><\/div>\n<\/div>\n<p>&nbsp;<\/p>\n<p>Te guiamos paso a paso a trav\u00e9s de cada fase de la recuperaci\u00f3n despu\u00e9s de una ruptura\u2014para que siempre sepas qu\u00e9 hacer, c\u00f3mo hacerlo y por qu\u00e9 funciona.<\/p>\n<p>&nbsp;<\/p>\n<p>Comenzar\u00e1s con lo esencial: c\u00f3mo calmar las emociones abrumadoras, superar los d\u00edas m\u00e1s dif\u00edciles y volver a ponerte en pie. Despu\u00e9s, ir\u00e1s m\u00e1s profundo en el proceso de sanaci\u00f3n\u2014trabajando las etapas del duelo, aprendiendo a apoyarte emocionalmente y despejando el desorden mental que te mantiene atada al pasado.<\/p>\n<p>&nbsp;<\/p>\n<p>En el camino, liberar\u00e1s emociones pesadas como culpa, ira, resentimiento y tristeza. Si el apego sexual a tu ex te mantiene bloqueada, encontrar\u00e1s ejercicios espec\u00edficos para recuperar tu cuerpo, tus deseos y tu libertad.<\/p>\n<p>&nbsp;<\/p>\n<p>Tambi\u00e9n reconstruir\u00e1s tu autoestima, recuperar\u00e1s tu energ\u00eda y empezar\u00e1s a dise\u00f1ar un futuro que te entusiasme y se sienta verdaderamente tuyo.<\/p>\n<p>&nbsp;<\/p>\n<p>Y para mujeres que vienen de relaciones t\u00f3xicas o abusivas, hemos preparado una secci\u00f3n especial sobre c\u00f3mo se forman esos patrones, c\u00f3mo romperlos para siempre y c\u00f3mo asegurarte de no repetirlos m\u00e1s.<\/p>\n<p>&nbsp;<\/p>\n<p>Al finalizar el curso no solo tendr\u00e1s una visi\u00f3n clara y segura de tu vida, sino tambi\u00e9n las herramientas probadas para convertirla en realidad.<\/p>\n<p>&nbsp;<\/p>\n<div align=\"center\">\n<p class=\"product woocommerce add_to_cart_inline example-cart-button\" style=\"border: 0px;\"><a class=\"button product_type_simple add_to_cart_button ajax_add_to_cart\" href=\"?add-to-cart=4824\" rel=\"nofollow\" data-quantity=\"1\">INICIA TU NUEVA VIDA<\/a><\/p>\n<\/div>\n<p>&nbsp;<\/p>\n<div class=\"title-container\">\n<p><img decoding=\"async\" style=\"width: 100%;\" src=\"\/wp-content\/uploads\/2023\/03\/title-bar.png\" alt=\"title\" \/><\/p>\n<div class=\"title-position\"><strong><span style=\"vertical-align: inherit;\"><span style=\"vertical-align: inherit;\">QUI\u00c9NES CREARON EL CURSO:<\/span><\/span><\/strong><\/div>\n<\/div>\n<p>&nbsp;<\/p>\n<p>Este programa fue dise\u00f1ado y desarrollado por un equipo de psic\u00f3logos y profesionales de la salud mental altamente cualificados\u2014para que tengas la seguridad de recibir una gu\u00eda que es a la vez compasiva y respaldada por la ciencia.<\/p>\n<p>&nbsp;<\/p>\n<p>Conoce a tus expertas:<\/p>\n<p>&nbsp;<\/p>\n<ul>\n<li><strong>Elena<\/strong> \u2013 Psic\u00f3loga cl\u00ednica, especialista en crisis y cofundadora de Mindspa.<\/li>\n<li><strong>Tatiana<\/strong> \u2013 Psic\u00f3loga cl\u00ednica, practicante certificada de EMDR Europe y supervisora con amplia experiencia en la recuperaci\u00f3n de traumas.<\/li>\n<li><strong>Helga<\/strong> \u2013 Psic\u00f3loga cl\u00ednica y practicante de EMDR, especializada en recuperaci\u00f3n emocional y resiliencia.<\/li>\n<li><strong>Nika<\/strong> \u2013 Cofundadora de Mindspa, autora bestseller de nueve libros de psicolog\u00eda y terapeuta en activo.<\/li>\n<\/ul>\n<p>&nbsp;<\/p>\n<p>Juntas, han ayudado a miles de mujeres a recuperar su confianza, sanar de relaciones dolorosas y construir un futuro m\u00e1s sano y feliz. Ahora est\u00e1n aqu\u00ed para guiarte a ti.<\/p>\n<p>&nbsp;<\/p>\n<div class=\"title-container\">\n<p><img decoding=\"async\" style=\"width: 100%;\" src=\"\/wp-content\/uploads\/2023\/03\/title-bar.png\" alt=\"title\" \/><\/p>\n<div class=\"title-position\"><strong><span style=\"vertical-align: inherit;\"><span style=\"vertical-align: inherit;\">C\u00d3MO OBTENER ACCESO:<\/span><\/span><\/strong><\/div>\n<\/div>\n<p>&nbsp;<\/p>\n<p>Empezar es muy f\u00e1cil. Una vez que te inscribas, recibir\u00e1s de inmediato un correo electr\u00f3nico con tu c\u00f3digo de acceso personal y unas instrucciones claras y sencillas paso a paso. En solo unos minutos estar\u00e1s dentro del curso\u2014y en tu camino de sanaci\u00f3n.<\/p>\n<p>&nbsp;<\/p>\n<p>Need help along the way? We\u2019ve got you covered. Our friendly support team is always ready to assist through. Just email us at contact@mindspa-dev.ru,\u00a0we typically respond within 1 to 24 hours.<\/p>\n<p>&nbsp;<\/p>\n<div align=\"center\">\n<p class=\"product woocommerce add_to_cart_inline example-cart-button\" style=\"border: 0px;\"><a class=\"button product_type_simple add_to_cart_button ajax_add_to_cart\" href=\"?add-to-cart=4824\" rel=\"nofollow\" data-quantity=\"1\">COMIENZA EL CURSO<\/a><\/p>\n<\/div>\n<p>&nbsp;<\/p>\n<div style=\"background-color: #bdd0f6; border-radius: 15px; margin-bottom: 20px; display: flow-root;\">\n<div>\n<div style=\"width: 100%;\">\n<div>\n<div>\n<div><\/div>\n<div style=\"margin-bottom: 15px; margin-left: 15px; margin-right: 15px;\">\n<span style=\"color: #36454f;\"><strong>\u00bfY si el curso no es para m\u00ed?<\/strong><\/span><\/p>\n<p>Queremos que te sientas completamente segura con tu elecci\u00f3n. Si, despu\u00e9s de la compra y la activaci\u00f3n, te das cuenta de que este curso no es el m\u00e1s adecuado para ti, puedes solicitar un cambio por otro curso\u2014siempre que hayas completado no m\u00e1s de 5 d\u00edas de este programa. As\u00ed funciona:<\/p>\n<p>\u26ac Env\u00eda una solicitud a nuestro equipo de soporte por email a <a href=\"mailto:contact@mindspa-dev.ru\"><u>contact@mindspa-dev.ru<\/u><\/a><\/p>\n<p>\u26ac Revisaremos tu solicitud\u2014normalmente en pocas horas y, como m\u00e1ximo, en 24. En nuestra respuesta te haremos unas preguntas r\u00e1pidas y te ayudaremos a cambiarte a otro curso.\n<\/p><\/div>\n<\/div>\n<\/div>\n<\/div>\n<\/div>\n<\/div>","protected":false},"excerpt":{"rendered":"<p><small>na ruptura duele, pero no tienes que pasar por esto sola. Estamos aqu\u00ed para acompa\u00f1arte del \u201c<em>No puedo vivir sin \u00e9l<\/em>\u201d al \u201c<em>Soy feliz, libre y lista para amar de nuevo.<\/em>\u201d con un enfoque pr\u00e1ctico y paso a paso.<\/small><\/p>","protected":false},"featured_media":982066,"template":"","meta":{"neve_meta_sidebar":"right","neve_meta_container":"","neve_meta_enable_content_width":"off","neve_meta_content_width":70,"neve_meta_title_alignment":"","neve_meta_author_avatar":"","neve_post_elements_order":"","neve_meta_disable_header":"","neve_meta_disable_footer":"","neve_meta_disable_title":""},"product_brand":[],"product_cat":[2319],"product_tag":[],"class_list":{"0":"post-4824","1":"product","2":"type-product","3":"status-publish","4":"has-post-thumbnail","6":"product_cat-courses","8":"first","9":"instock","10":"sale","11":"virtual","12":"sold-individually","13":"taxable","14":"purchasable","15":"product-type-simple"},"_links":{"self":[{"href":"https:\/\/mindspa-dev.ru\/es\/wp-json\/wp\/v2\/product\/4824","targetHints":{"allow":["GET"]}}],"collection":[{"href":"https:\/\/mindspa-dev.ru\/es\/wp-json\/wp\/v2\/product"}],"about":[{"href":"https:\/\/mindspa-dev.ru\/es\/wp-json\/wp\/v2\/types\/product"}],"wp:featuredmedia":[{"embeddable":true,"href":"https:\/\/mindspa-dev.ru\/es\/wp-json\/wp\/v2\/media\/982066"}],"wp:attachment":[{"href":"https:\/\/mindspa-dev.ru\/es\/wp-json\/wp\/v2\/media?parent=4824"}],"wp:term":[{"taxonomy":"product_brand","embeddable":true,"href":"https:\/\/mindspa-dev.ru\/es\/wp-json\/wp\/v2\/product_brand?post=4824"},{"taxonomy":"product_cat","embeddable":true,"href":"https:\/\/mindspa-dev.ru\/es\/wp-json\/wp\/v2\/product_cat?post=4824"},{"taxonomy":"product_tag","embeddable":true,"href":"https:\/\/mindspa-dev.ru\/es\/wp-json\/wp\/v2\/product_tag?post=4824"}],"curies":[{"name":"wp","href":"https:\/\/api.w.org\/{rel}","templated":true}]}}