



{"id":961407,"date":"2024-07-06T14:45:19","date_gmt":"2024-07-06T14:45:19","guid":{"rendered":"https:\/\/mindspa.me\/?post_type=product&#038;p=961407"},"modified":"2026-03-03T21:07:07","modified_gmt":"2026-03-03T18:07:07","slug":"ludopatia_es","status":"publish","type":"product","link":"https:\/\/mindspa-dev.ru\/es\/c\/ludopatia_es\/","title":{"rendered":"Ludopat\u00eda"},"content":{"rendered":"","protected":false},"excerpt":{"rendered":"<p>Este curso est\u00e1 pensado especialmente para acompa\u00f1arte en tu proceso de recuperaci\u00f3n de la adicci\u00f3n al juego. Con un enfoque gradual, ir\u00e1s aprendiendo c\u00f3mo gestionar tus ganas de jugar para recuperar el control sobre tu vida.<\/p>","protected":false},"featured_media":982080,"template":"","meta":{"neve_meta_sidebar":"right","neve_meta_container":"","neve_meta_enable_content_width":"off","neve_meta_content_width":70,"neve_meta_title_alignment":"","neve_meta_author_avatar":"","neve_post_elements_order":"","neve_meta_disable_header":"","neve_meta_disable_footer":"","neve_meta_disable_title":""},"product_brand":[],"product_cat":[2350],"product_tag":[],"class_list":{"0":"post-961407","1":"product","2":"type-product","3":"status-publish","4":"has-post-thumbnail","6":"product_cat-cursos","8":"first","9":"instock","10":"sale","11":"virtual","12":"sold-individually","13":"taxable","14":"purchasable","15":"product-type-simple"},"_links":{"self":[{"href":"https:\/\/mindspa-dev.ru\/es\/wp-json\/wp\/v2\/product\/961407","targetHints":{"allow":["GET"]}}],"collection":[{"href":"https:\/\/mindspa-dev.ru\/es\/wp-json\/wp\/v2\/product"}],"about":[{"href":"https:\/\/mindspa-dev.ru\/es\/wp-json\/wp\/v2\/types\/product"}],"wp:featuredmedia":[{"embeddable":true,"href":"https:\/\/mindspa-dev.ru\/es\/wp-json\/wp\/v2\/media\/982080"}],"wp:attachment":[{"href":"https:\/\/mindspa-dev.ru\/es\/wp-json\/wp\/v2\/media?parent=961407"}],"wp:term":[{"taxonomy":"product_brand","embeddable":true,"href":"https:\/\/mindspa-dev.ru\/es\/wp-json\/wp\/v2\/product_brand?post=961407"},{"taxonomy":"product_cat","embeddable":true,"href":"https:\/\/mindspa-dev.ru\/es\/wp-json\/wp\/v2\/product_cat?post=961407"},{"taxonomy":"product_tag","embeddable":true,"href":"https:\/\/mindspa-dev.ru\/es\/wp-json\/wp\/v2\/product_tag?post=961407"}],"curies":[{"name":"wp","href":"https:\/\/api.w.org\/{rel}","templated":true}]}}