



{"id":4824,"date":"2020-12-25T17:27:02","date_gmt":"2020-12-25T17:27:02","guid":{"rendered":"https:\/\/www.mindspa.me\/?post_type=product&#038;p=4824"},"modified":"2026-03-03T21:22:05","modified_gmt":"2026-03-03T18:22:05","slug":"post-breakup","status":"publish","type":"product","link":"https:\/\/mindspa-dev.ru\/it\/c\/post-breakup\/","title":{"rendered":"Post Rottura"},"content":{"rendered":"<div class=\"title-container\">\n<p><img decoding=\"async\" style=\"width: 100%;\" src=\"\/wp-content\/uploads\/2023\/03\/title-bar.png\" alt=\"title\" \/><\/p>\n<div class=\"title-position\"><strong>A CHI \u00c8 RIVOLTO IL CORSO:<\/strong><\/div>\n<\/div>\n<p>&nbsp;<\/p>\n<p>Se fai fatica ad andare avanti dopo una rottura, questo corso \u00e8 pensato per te. Forse senti la mancanza del tuo ex in modo quasi insopportabile. Forse sono passati mesi e ancora non riesci a dimenticarlo. O forse ti senti intrappolata nel passato\u2014rivivendo i ricordi, mettendo in dubbio te stessa e chiedendoti se tornerai mai a sentirti davvero completa.<\/p>\n<p>&nbsp;<\/p>\n<p>Il programma \u00e8 stato creato appositamente per le donne che si sentono svuotate dopo la fine di una relazione \u2014 emotivamente, mentalmente e perfino fisicamente. Se la tua autostima \u00e8 crollata, se hai la sensazione di aver perso te stessa, o se stai cercando di riprenderti dopo un rapporto abusivo senza sapere come fare il primo passo\u2014questo corso ti mostrer\u00e0 la strada.<\/p>\n<p>&nbsp;<\/p>\n<p>Non importa quanto tempo sia passato per ritrovare la tua felicit\u00e0. Puoi farcela a ricostruire la tua fiducia in te stessa. E non devi farlo da sola\u2014questo corso ti offre strumenti concreti, guida e supporto per lasciarti il passato alle spalle e aprirti a un futuro pi\u00f9 luminoso.<\/p>\n<p>&nbsp;<\/p>\n<div class=\"title-container\">\n<p><img decoding=\"async\" style=\"width: 100%;\" src=\"\/wp-content\/uploads\/2023\/03\/title-bar.png\" alt=\"title\" \/><\/p>\n<div class=\"title-position\"><strong><span style=\"vertical-align: inherit;\"><span style=\"vertical-align: inherit;\">COSA OTTERRAI DA QUESTO CORSO:<\/span><\/span><\/strong><\/div>\n<\/div>\n<p>&nbsp;<\/p>\n<p>Una delle nostre utenti lo ha detto nel modo migliore: \u201c<em>Finalmente riesco a respirare di nuovo.<\/em>\u201d Ed \u00e8 proprio questo che vogliamo per te.<\/p>\n<p>&nbsp;<\/p>\n<p>Alla fine di questo corso non ti sentirai soltanto libera dal tuo ex, ma anche dai pensieri, dalle emozioni e dai modelli che ti hanno bloccata finora. Basta rivivere ossessivamente il passato. Basta flashback improvvisi che riaprono vecchie ferite. Basta quel richiamo emotivo che ti trascina sempre indietro.<\/p>\n<p>&nbsp;<\/p>\n<p>Al contrario, tornerai a sentirti te stessa: pi\u00f9 forte, pi\u00f9 sicura e piena di energia per costruire un futuro che ti emozioni davvero. Ritroverai la fiducia in te stessa, riconoscerai il tuo valore e comprenderai cosa significa vivere una relazione sana e appagante.<\/p>\n<p>&nbsp;<\/p>\n<p>E soprattutto: troverai la pace\u2014con te stessa, con il tuo passato e persino con il tuo ex, se \u00e8 ci\u00f2 che ti serve per andare avanti.<\/p>\n<p>&nbsp;<\/p>\n<p>Questo non \u00e8 solo un percorso per lasciar andare. \u00c8 un percorso per riprenderti la tua vita, la tua forza e la tua felicit\u00e0.<\/p>\n<p>&nbsp;<\/p>\n<div align=\"center\">\n<p class=\"product woocommerce add_to_cart_inline example-cart-button\" style=\"border: 0px;\"><a class=\"button product_type_simple add_to_cart_button ajax_add_to_cart\" href=\"?add-to-cart=4824\" rel=\"nofollow\" data-quantity=\"1\">INIZIA ORA<\/a><\/p>\n<\/div>\n<p>&nbsp;<\/p>\n<div class=\"title-container\">\n<p><img decoding=\"async\" style=\"width: 100%;\" src=\"\/wp-content\/uploads\/2023\/03\/title-bar.png\" alt=\"title\" \/><\/p>\n<div class=\"title-position\"><strong><span style=\"vertical-align: inherit;\"><span style=\"vertical-align: inherit;\">COSA TROVERAI NEL CORSO:<\/span><\/span><\/strong><\/div>\n<\/div>\n<p>&nbsp;<\/p>\n<p>Questo corso \u00e8 stato pensato per essere allo stesso tempo pratico e profondamente trasformativo. Al suo interno troverai tutto ci\u00f2 di cui hai bisogno per guarire, lasciar andare e iniziare un nuovo capitolo con fiducia:<\/p>\n<p>&nbsp;<\/p>\n<p><strong>\u2713 Indicazioni chiare e di supporto<\/strong> che spiegano cosa accade nella tua mente e nel tuo corpo durante una rottura\u2014e come riprogrammare la tua mentalit\u00e0 per andare finalmente avanti.<\/p>\n<p>&nbsp;<\/p>\n<p><strong>\u2713 Potenti esercizi psicologici<\/strong> para procesar emociones, reescribir tu historia y reconectar con la versi\u00f3n m\u00e1s fuerte de ti misma.<\/p>\n<p>&nbsp;<\/p>\n<p><strong>\u2713 Tecniche comprovate<\/strong> per liberarti da pensieri intrusivi, emozioni travolgenti e da quei loop mentali che ti tengono bloccata.<\/p>\n<p>&nbsp;<\/p>\n<p><strong>\u2713 Pratiche<\/strong> mirate per sciogliere la tensione emotiva, ricostruire la fiducia in te stessa e riprendere il controllo della tua vita.<\/p>\n<p>&nbsp;<\/p>\n<p>Ogni lezione \u00e8 disponibile in formato testo\u2014cos\u00ec potrai imparare, esercitarti e trasformarti in qualsiasi momento e ovunque tu sia.<\/p>\n<p>&nbsp;<\/p>\n<div class=\"title-container\">\n<p><img decoding=\"async\" style=\"width: 100%;\" src=\"\/wp-content\/uploads\/2023\/03\/title-bar.png\" alt=\"title\" \/><\/p>\n<div class=\"title-position\"><strong><span style=\"vertical-align: inherit;\"><span style=\"vertical-align: inherit;\">COME FUNZIONA IL CORSO:<\/span><\/span><\/strong><\/div>\n<\/div>\n<p>&nbsp;<\/p>\n<p>Ti accompagniamo passo dopo passo in ogni fase del recupero dopo una rottura\u2014cos\u00ec saprai sempre cosa fare, come farlo e perch\u00e9 funziona.<\/p>\n<p>&nbsp;<\/p>\n<p>Inizierai dalle basi: come calmare le emozioni travolgenti, superare i giorni pi\u00f9 difficili e ritrovare il tuo equilibrio. Poi andrai pi\u00f9 in profondit\u00e0 nel percorso di guarigione\u2014affrontando le fasi del lutto, imparando a sostenerti emotivamente e liberandoti dal disordine mentale che ti tiene legata al passato.<\/p>\n<p>&nbsp;<\/p>\n<p>Lungo il cammino, lascerai andare emozioni pesanti come senso di colpa, rabbia, risentimento e tristezza. Se l\u2019attaccamento sessuale al tuo ex ti blocca, troverai esercizi specifici per riprendere possesso del tuo corpo, dei tuoi desideri e della tua libert\u00e0.<\/p>\n<p>&nbsp;<\/p>\n<p>Ricostruirai anche la tua autostima, ritroverai energia e inizierai a creare un futuro che ti entusiasmi e che sia davvero tuo.<\/p>\n<p>&nbsp;<\/p>\n<p>Per le donne che escono da relazioni tossiche o abusive, abbiamo incluso una sezione dedicata a comprendere come si formano questi schemi, a liberarvene per sempre e a fare in modo che non si ripetano pi\u00f9.<\/p>\n<p>&nbsp;<\/p>\n<p>Alla fine del corso non avrai solo una visione chiara e sicura della tua vita, ma anche gli strumenti concreti per trasformarla in realt\u00e0.<\/p>\n<p>&nbsp;<\/p>\n<div align=\"center\">\n<p class=\"product woocommerce add_to_cart_inline example-cart-button\" style=\"border: 0px;\"><a class=\"button product_type_simple add_to_cart_button ajax_add_to_cart\" href=\"?add-to-cart=4824\" rel=\"nofollow\" data-quantity=\"1\">INIZIA LA TUA NUOVA VITA<\/a><\/p>\n<\/div>\n<p>&nbsp;<\/p>\n<div class=\"title-container\">\n<p><img decoding=\"async\" style=\"width: 100%;\" src=\"\/wp-content\/uploads\/2023\/03\/title-bar.png\" alt=\"title\" \/><\/p>\n<div class=\"title-position\"><strong><span style=\"vertical-align: inherit;\"><span style=\"vertical-align: inherit;\">CHI HA CREATO IL CORSO:<\/span><\/span><\/strong><\/div>\n<\/div>\n<p>&nbsp;<\/p>\n<p>Questo programma \u00e8 stato ideato e sviluppato da un team di psicologhe e professioniste della salute mentale altamente qualificate\u2014cos\u00ec puoi avere la certezza di ricevere una guida che \u00e8 allo stesso tempo empatica e supportata dalla scienza.<\/p>\n<p>&nbsp;<\/p>\n<p>Ecco le tue esperte:<\/p>\n<p>&nbsp;<\/p>\n<ul>\n<li><strong>Elena<\/strong> \u2013 Psicologa clinica, specialista nelle crisi e cofondatrice di Mindspa.<\/li>\n<li><strong>Tatiana<\/strong> \u2013 Psicologa clinica, praticante EMDR Europe certificata e supervisore con una lunga esperienza nell\u2019aiutare le persone a superare i traumi.<\/li>\n<li><strong>Helga<\/strong> \u2013 Psicologa clinica e praticante EMDR, specializzata in recupero emotivo e resilienza.<\/li>\n<li><strong>Nika<\/strong> \u2013 Cofondatrice di Mindspa, autrice bestseller di nove libri di psicologia e terapeuta in attivit\u00e0.<\/li>\n<\/ul>\n<p>&nbsp;<\/p>\n<p>Insieme hanno aiutato migliaia di donne a ritrovare la fiducia in s\u00e9, a guarire da relazioni dolorose e a costruire un futuro pi\u00f9 sano e felice. Ora sono qui per guidare anche te.<\/p>\n<p>&nbsp;<\/p>\n<div class=\"title-container\">\n<p><img decoding=\"async\" style=\"width: 100%;\" src=\"\/wp-content\/uploads\/2023\/03\/title-bar.png\" alt=\"title\" \/><\/p>\n<div class=\"title-position\"><strong><span style=\"vertical-align: inherit;\"><span style=\"vertical-align: inherit;\">COME ACCEDERE AL CORSO:<\/span><\/span><\/strong><\/div>\n<\/div>\n<p>&nbsp;<\/p>\n<p>Iniziare \u00e8 semplicissimo. Subito dopo l\u2019iscrizione riceverai una mail con il tuo codice di accesso personale e istruzioni chiare e facili da seguire. In pochi minuti sarai dentro al corso\u2014e gi\u00e0 sul tuo percorso di guarigione.<\/p>\n<p>&nbsp;<\/p>\n<p>Need help along the way? We\u2019ve got you covered. Our friendly support team is always ready to assist through. Just email us at contact@mindspa-dev.ru,\u00a0we typically respond within 1 to 24 hours.<\/p>\n<p>&nbsp;<\/p>\n<div align=\"center\">\n<p class=\"product woocommerce add_to_cart_inline example-cart-button\" style=\"border: 0px;\"><a class=\"button product_type_simple add_to_cart_button ajax_add_to_cart\" href=\"?add-to-cart=4824\" rel=\"nofollow\" data-quantity=\"1\">INIZIA IL CORSO<\/a><\/p>\n<\/div>\n<p>&nbsp;<\/p>\n<div style=\"background-color: #bdd0f6; border-radius: 15px; margin-bottom: 20px; display: flow-root;\">\n<div>\n<div style=\"width: 100%;\">\n<div>\n<div>\n<div><\/div>\n<div style=\"margin-bottom: 15px; margin-left: 15px; margin-right: 15px;\">\n<span style=\"color: #36454f;\"><strong>E se il corso non fa per me?<\/strong><\/span><\/p>\n<p>Vogliamo che tu ti senta pienamente sicura della tua scelta. Se, dopo l\u2019acquisto e l\u2019attivazione, capisci che questo corso non \u00e8 quello giusto per te, puoi richiedere la sostituzione con un altro corso\u2014purch\u00e9 tu abbia completato non pi\u00f9 di 5 giorni di questo programma. Ecco come funziona:<\/p>\n<p>\u26ac Invia una richiesta al nostro team di supporto via email a <a href=\"mailto:contact@mindspa-dev.ru\"><u>contact@mindspa-dev.ru<\/u><\/a><\/p>\n<p>\u26ac Valuteremo la richiesta\u2014di solito entro poche ore e, al massimo, entro 24. Nella nostra risposta ti faremo alcune domande veloci e ti aiuteremo a passare a un altro corso.\n<\/p><\/div>\n<\/div>\n<\/div>\n<\/div>\n<\/div>\n<\/div>","protected":false},"excerpt":{"rendered":"<p><small>Lasciarsi fa male, ma non devi affrontarlo da sola. Siamo qui per aiutarti a passare da \u201c<em>Non posso vivere senza di lui<\/em>\u201d a \u201c<em>Sono felice, libera e pronta ad amare di nuovo.<\/em>\u201d con un approccio pratico, passo dopo passo.<\/small><\/p>","protected":false},"featured_media":982066,"template":"","meta":{"neve_meta_sidebar":"right","neve_meta_container":"","neve_meta_enable_content_width":"off","neve_meta_content_width":70,"neve_meta_title_alignment":"","neve_meta_author_avatar":"","neve_post_elements_order":"","neve_meta_disable_header":"","neve_meta_disable_footer":"","neve_meta_disable_title":""},"product_brand":[],"product_cat":[2319],"product_tag":[],"class_list":{"0":"post-4824","1":"product","2":"type-product","3":"status-publish","4":"has-post-thumbnail","6":"product_cat-courses","8":"first","9":"instock","10":"sale","11":"virtual","12":"sold-individually","13":"taxable","14":"purchasable","15":"product-type-simple"},"_links":{"self":[{"href":"https:\/\/mindspa-dev.ru\/it\/wp-json\/wp\/v2\/product\/4824","targetHints":{"allow":["GET"]}}],"collection":[{"href":"https:\/\/mindspa-dev.ru\/it\/wp-json\/wp\/v2\/product"}],"about":[{"href":"https:\/\/mindspa-dev.ru\/it\/wp-json\/wp\/v2\/types\/product"}],"wp:featuredmedia":[{"embeddable":true,"href":"https:\/\/mindspa-dev.ru\/it\/wp-json\/wp\/v2\/media\/982066"}],"wp:attachment":[{"href":"https:\/\/mindspa-dev.ru\/it\/wp-json\/wp\/v2\/media?parent=4824"}],"wp:term":[{"taxonomy":"product_brand","embeddable":true,"href":"https:\/\/mindspa-dev.ru\/it\/wp-json\/wp\/v2\/product_brand?post=4824"},{"taxonomy":"product_cat","embeddable":true,"href":"https:\/\/mindspa-dev.ru\/it\/wp-json\/wp\/v2\/product_cat?post=4824"},{"taxonomy":"product_tag","embeddable":true,"href":"https:\/\/mindspa-dev.ru\/it\/wp-json\/wp\/v2\/product_tag?post=4824"}],"curies":[{"name":"wp","href":"https:\/\/api.w.org\/{rel}","templated":true}]}}