



{"id":737,"date":"2020-12-02T17:29:56","date_gmt":"2020-12-02T17:29:56","guid":{"rendered":"https:\/\/mindspa.it\/?post_type=product&#038;p=737"},"modified":"2026-03-03T21:31:45","modified_gmt":"2026-03-03T18:31:45","slug":"pulizia-della-psiche","status":"publish","type":"product","link":"https:\/\/mindspa-dev.ru\/it\/c\/pulizia-della-psiche\/","title":{"rendered":"Pulizia della psiche"},"content":{"rendered":"<div class=\"cont_2\" align=\"center\">\n<div class=\"elfsight-app-d0f30e45-3a0d-41ea-a524-6601bc570b54\"><\/div>\n<\/div>\n<p>Non \u00e8 tanto la realt\u00e0 a condizionare il nostro stato psicologico, quanto la lettura che ne diamo. La tendenza al pensiero negativo riflette la nostra visione della vita, il nostro atteggiamento verso noi stessi, la nostra inclinazione al catastrofismo. A volte, ci troviamo a interpretare la realt\u00e0 negativamente in modo quasi automatico, non rendendoci conto che ci\u00f2, di fatto, ha poi un effetto deleterio sulle nostre emozioni, sul nostro umore e sulle nostre possibilit\u00e0 di affrontare in maniera efficace gli eventi della vita.<\/p>\n<p>Se, da un lato, \u00e8 normale abbattersi per qualche tempo dopo un risultato negativo o una delusione, dall\u2019altro, quando lo sconforto, la tristezza e i pensieri negativi si protraggono a lungo e si avverte un generale senso di immobilismo e di impossibilit\u00e0 d\u2019azione, si pu\u00f2 giungere ad abbandonare la realizzazione di importanti obiettivi personali. Questa condizione di tristezza e di inattivit\u00e0 si protrae pi\u00f9 a lungo nei pessimisti, ed \u00e8 anche chiamata impotenza appresa, e pu\u00f2 costituire un fattore di rischio per la depressione. Il pessimista \u00e8 solitamente convinto di non poter far nulla per modificare una situazione spiacevole, con conseguenti emozioni di frustrazione, di tristezza e di ansia.<\/p>\n<p>Alcuni studi dimostrano che tratti della personalit\u00e0 come l&#8217;ottimismo e il pessimismo possono influenzare molte aree della tua salute e del tuo benessere. Il pessimismo, sebbene possa essere utile una tantum o con moderazione, \u00e8 associato ad ansia, disturbi del sonno, ostilit\u00e0, ipertensione e malattie cardiache. Al contrario, il pensiero positivo, che di solito deriva dall&#8217;ottimismo, \u00e8 una parte fondamentale di una gestione efficace dello stress. Questa, a sua volta, \u00e8 associata a molti benefici per la salute. Se tendi a essere pessimista, non disperare: la capacit\u00e0 di pensare positivo si pu\u00f2 apprendere.<\/p>\n<div class=\"title-container\">\n<p><img decoding=\"async\" style=\"width: 100%;\" src=\"https:\/\/i.ibb.co\/fthyn6r\/title-bar.png\" alt=\"title\" \/><\/p>\n<div class=\"title-position\"><strong>A CHI \u00c8 RIVOLTO IL CORSO? <\/strong><\/div>\n<\/div>\n<p>Come capire se questo corso \u00e8 adatto a te? Prova ad analizzare la presenza dei segnali principali: hai una tendenza al pensiero negativo, hai la sensazione che la tua vita sia un disastro, cerchi di avere il controllo di tutto, fai spesso le cose solo perch\u00e9 &#171;devi&#187;, hai un flusso costante di pensieri che non sai come fermare, tendi ad acconsentire a ci\u00f2 che vogliono gli altri invece di perseguire i tuoi desideri, continui a pensare a lungo agli eventi passati, rivedi continuamente le situazioni sfavorevoli nella tua testa (ripetendo i dialoghi, prevedendo risultati diversi, etc.), ti arrendi facilmente pensando di \u201cnon essere tagliato per questo\u201d, di essere un \u201cperdente\u201d o semplicemente \u201csfortunato\u201d.<\/p>\n<p>Ti suona familiare? C&#8217;\u00e8 qualcosa di simile nel tuo modello comportamentale? In caso affermativo, il corso \u201cPulizia della psiche\u201d fa al caso tuo.<\/p>\n<p>Questo programma terapeutico \u00e8 adatto a chi vuole liberarsi delle limitazioni causate dai propri pensieri ed \u00e8 pronto a prendere il controllo della propria mente. \u00c8 indicato anche per le persone che vogliono individuare distorsioni e credenze fittizie su s\u00e9 stesse, sul mondo e sugli altri e desiderano liberarsi di questi meccanismi mentali. In questo corso imparerai a controllare il tuo comportamento, le tue reazioni, le tue emozioni e a prendere decisioni equilibrate, compiendo molti passi vero la maturit\u00e0. Ti aiuter\u00e0 a trovare la causa dei tuoi pensieri negativi e superflui, eliminandoli con tecniche e abitudini specifiche, mettendo in atto una vera pulizia della tua mente.<\/p>\n<div class=\"title-container\">\n<p><img decoding=\"async\" style=\"width: 100%;\" src=\"https:\/\/i.ibb.co\/fthyn6r\/title-bar.png\" alt=\"title\" \/><\/p>\n<div class=\"title-position\"><strong>QUAL \u00c8 IL PROGRAMMA DEL CORSO? <\/strong><\/div>\n<\/div>\n<p>Il programma del corso \u00e8 strutturato come segue:<\/p>\n<p>1. Come funziona la tua testa:<\/p>\n<ul>\n<li>Pensieri automatici: cosa sono, da dove vengono, cosa fare.<\/li>\n<li>Credenze: quali sono buone, quali cattive, come filtrarle e sbarazzarsene.<\/li>\n<li>Come cambiare te stesso e sbarazzarti degli schemi mentali.<\/li>\n<li>In quale fase della vita ti trovi e come passare a quella successiva.<\/li>\n<\/ul>\n<p>2. Inventario della vita:<\/p>\n<ul>\n<li>Cosa puoi controllare e cosa non puoi controllare?<\/li>\n<li>Il disordine nella tua mente: da dove viene?<\/li>\n<li>Trovare risposte chiare su come vuoi che stiano le cose.<\/li>\n<li>Perch\u00e9 pensiamo &#171;Non posso avere cose del genere&#187; e come possiamo liberarci di questo pensiero.<\/li>\n<li>Auto-identificazione.<\/li>\n<li>Demotivazione ai cambiamenti: come superarla.<\/li>\n<\/ul>\n<p>3. Pulizia della vita:<\/p>\n<ul>\n<li>Gestione degli obiettivi.<\/li>\n<li>Gestione del tempo degli obiettivi.<\/li>\n<li>Come organizzare tutto.<\/li>\n<li>Come determinare cosa tenere e cosa lasciare.<\/li>\n<li>Pensieri negativi sul cambiamento: tattiche diverse per affrontarli.<\/li>\n<\/ul>\n<p>4. Nuove idee per le varie sfere della vita:<\/p>\n<ul>\n<li>Riguardanti il posto di lavoro.<\/li>\n<li>Riguardanti le relazioni.<\/li>\n<li>Riguardanti il rapporto con figli\/bambini.<\/li>\n<li>Riguardanti la relazione con te stesso.<\/li>\n<\/ul>\n<div class=\"title-container\">\n<p><img decoding=\"async\" style=\"width: 100%;\" src=\"https:\/\/i.ibb.co\/fthyn6r\/title-bar.png\" alt=\"title\" \/><\/p>\n<div class=\"title-position\"><strong>COM&#8217;\u00c8 STRUTTURATO IL CORSO?<\/strong><\/div>\n<\/div>\n<p>Il corso presenta un approccio graduale. Per tutta la sua durata, ogni giorno si sbloccher\u00e0 una nuova lezione. Avrai il compito di studiare la teoria e di completare gli esercizi quotidiani che ti aiuteranno a consolidare i tuoi progressi e a rafforzare le nuove abitudini. Analizzerai gli aspetti da migliorare, acquisirai familiarit\u00e0 con nuovi concetti, ridefinirai le tue esigenze e ti concentrerai sulla tua crescita.<\/p>\n<p>Il corso \u00e8 disponibile nell&#8217;app Mindspa, che puoi scaricare gratuitamente da Google Play e App Store. Potrai seguire il programma terapeutico al tuo ritmo e in qualsiasi momento della giornata. All\u2019interno dell\u2019app, troverai altre risorse gratuite come tantissimi articoli ed esercizi, potrai aggiornare il tuo diario terapeutico, potrai mettere in pratica svariate tecniche di coping, avrai a disposizione una chatbot d\u2019emergenza e molto altro. Avrai inoltre la possibilit\u00e0 di prendere appunti direttamente sul tuo telefono. L&#8217;accesso ad ogni corso a cui ti sei iscritto rester\u00e0 aperto per sempre.<\/p>\n<div class=\"title-container\">\n<p><img decoding=\"async\" style=\"width: 100%;\" src=\"https:\/\/i.ibb.co\/fthyn6r\/title-bar.png\" alt=\"title\" \/><\/p>\n<div class=\"title-position\"><strong>CHI HA CREATO IL CORSO?<\/strong><\/div>\n<\/div>\n<p>Il nostro team \u00e8 composto da diversi psicologi e psichiatri con competenze in varie aree della psicologia, che lavorano in modo collaborativo per aiutare le persone che necessitano di supporto emotivo.<\/p>\n<p>Tutti i nostri corsi si basano su tesi scientifiche e su anni di pratica professionale. In ogni corso vengono applicate varie tecniche terapeutiche, come la CBT e la terapia della Gestalt, che sono tra le pi\u00f9 efficaci e le pi\u00f9 usate in terapia. I corsi sono realizzati con un\u2019attenzione meticolosa ai dettagli. Ogni contenuto viene esaminato da un minimo di tre differenti professionisti della salute mentale, per garantire l&#8217;accuratezza clinica e la massima qualit\u00e0.<\/p>\n<p><img decoding=\"async\" src=\"https:\/\/i.ibb.co\/T8Dxv1V\/IT-Refund-single.gif\" \/><\/p>\n<div align=\"center\">\n<p><span style=\"color: #3f89c4;\"><strong>Inizia il corso oggi e osserva i tuoi miglioramenti<\/strong><\/span><p class=\"product woocommerce add_to_cart_inline example-cart-button\" style=\"border: 0px\"><a href=\"\/it\/wp-json\/wp\/v2\/product\/737?add-to-cart=737\" data-quantity=\"1\" class=\"button product_type_simple add_to_cart_button ajax_add_to_cart\" data-product_id=\"737\" data-product_sku=\"737\" aria-label=\"Aggiungi al carrello: &quot;Pulizia della psiche&quot;\" rel=\"nofollow\" data-success_message=\"&quot;Pulizia della psiche&quot; \u00e8 stato aggiunto al tuo carrello.\" data-no-translation=\"\" data-trp-gettext=\"\" data-no-translation-aria-label=\"\" data-no-translation-data-success_message=\"\">Aggiungi al carrello<\/a><\/p><\/p>\n<p><small>Migliaia di recensioni positive dai nostri utenti<\/small><\/p>\n<\/div>\n<div class=\"elfsight-app-c9d74ce1-660d-46c0-808b-cbc66df8f918\"><\/div>\n<p>&nbsp;<\/p>\n<p><img loading=\"lazy\" decoding=\"async\" class=\"alignnone size-medium\" src=\"https:\/\/i.ibb.co\/D7kJ2r9\/mindspa-m.png\" width=\"2000\" height=\"80\" \/><\/p>\n<hr \/>\n<p><small><em>Chi siamo<\/em> &#8212; Mindspa viene fondata nel 2019 da un team di psicologi, dopo anni di esperienza, ricerche e studi su preferenze, abitudini e bisogni dei propri pazienti. Nel gennaio 2020 viene lanciata quella che sar\u00e0 la prima app italiana di salute mentale, dal nome appunto Mindspa, negli store di Google e Apple. Nel corso degli anni, l&#8217;applicazione \u00e8 stata oggetto di una serie di recensioni indipendenti, nelle quali ha ricevuto il pi\u00f9 alto indice di approvazione. Le risorse che offre applicano varie tecniche terapeutiche per aiutare l\u2019utente a gestire la sua salute mentale, comprese la terapia CBT e Gestalt. La terapia cognitivo comportamentale (CBT) \u00e8 uno dei metodi di trattamento pi\u00f9 efficaci. Ti d\u00e0 il potere di cambiare i tuoi pensieri e il modo in cui ti senti e ti comporti nei confronti di una particolare situazione, dandoti l&#8217;opportunit\u00e0 di controllare i tuoi comportamenti. La Gestalt \u00e8 una forma di terapia che enfatizza la responsabilit\u00e0 personale. Il suo obiettivo \u00e8 insegnarti a diventare consapevole delle sensazioni dentro di te e nel tuo ambiente, in modo da poter rispondere pienamente e ragionevolmente alle situazioni che possono presentarsi come potenziali fattori scatenanti. Numerosi studi hanno anche dimostrato l&#8217;efficacia nell&#8217;uso di funzionalit\u00e0 basate sull&#8217;AI (intelligenza artificiale) conversazionale, come il chatbot di Mindspa, che hanno portato ad un miglioramento della salute mentale degli utenti e hanno rivelato la capacit\u00e0 di creare un legame terapeutico con loro.<\/small><\/p>\n<p><small>Ecco una serie di articoli scientifici a sostegno di queste affermazioni:<\/small><\/p>\n<p><small>(1) Marciniak, Shanahan, Rohde, Schulz, et al. \u201c<em>Standalone Smartphone Cognitive Behavioral Therapy\u2013Based Ecological Momentary Interventions to Increase Mental Health: Narrative Review<\/em>\u201c. JMIR Mhealth Uhealth 2020; 8(11): e19836 DOI: 10.2196\/19836<br \/>\n<\/small><small>(2) McCashin, Coyle, O\u2019Reilly. \u201c<em>Qualitative Synthesis of Young People\u2019s Experiences With Technology-Assisted Cognitive Behavioral Therapy: Systematic Review<\/em>\u201c. J Med Internet Res 2019; 21(11): e13540 DOI: 10.2196\/13540<br \/>\n<\/small><small>(3) Matzko, Helga M. Gennant, and Helga M. Gennant Matzko. \u201c<em>A Gestalt Therapy Treatment Approach for Addictions: \u2018Multiphasic Transformation Process.\u201d<\/em>\u00a0Gestalt Review, vol. 1, no. 1, 1997, pp. 34\u201355. JSTOR, <a href=\"http:\/\/www.jstor.org\/stable\/44394010\">www.jstor.org\/stable\/44394010<\/a>.<br \/>\n<\/small><small>(4) Ahmed, Ali, Aziz, Hassan, Khalifa, et al. \u201c<em>A review of mobile chatbot apps for anxiety and depression and their self-care features<\/em>\u201c. Science Direct, 2021; <a href=\"https:\/\/doi.org\/10.1016\/j.cmpbup.2021.100012\">https:\/\/doi.org\/10.1016\/j.cmpbup.2021.100012<\/a><br \/>\n<\/small><small>(5) Parmar, Ryu, Pandya, Sedoc and Agarwal. \u201c<em>Health-focused conversational agents in person-centered care: a review of apps<\/em>\u201c. NPJ Digital Medicine, 2022; <a href=\"https:\/\/doi.org\/10.1038\/s41746-022-00560-6\">https:\/\/doi.org\/10.1038\/s41746-022-00560-6<\/a><\/small><\/p>","protected":false},"excerpt":{"rendered":"<p>Prova il corso per 3 giorni senza impegno!<\/p>","protected":false},"featured_media":982086,"template":"","meta":{"neve_meta_sidebar":"right","neve_meta_container":"","neve_meta_enable_content_width":"off","neve_meta_content_width":70,"neve_meta_title_alignment":"","neve_meta_author_avatar":"","neve_post_elements_order":"","neve_meta_disable_header":"","neve_meta_disable_footer":"","neve_meta_disable_title":""},"product_brand":[],"product_cat":[2349],"product_tag":[],"class_list":{"0":"post-737","1":"product","2":"type-product","3":"status-publish","4":"has-post-thumbnail","6":"product_cat-corsi","8":"first","9":"instock","10":"sale","11":"virtual","12":"sold-individually","13":"taxable","14":"purchasable","15":"product-type-simple"},"_links":{"self":[{"href":"https:\/\/mindspa-dev.ru\/it\/wp-json\/wp\/v2\/product\/737","targetHints":{"allow":["GET"]}}],"collection":[{"href":"https:\/\/mindspa-dev.ru\/it\/wp-json\/wp\/v2\/product"}],"about":[{"href":"https:\/\/mindspa-dev.ru\/it\/wp-json\/wp\/v2\/types\/product"}],"wp:featuredmedia":[{"embeddable":true,"href":"https:\/\/mindspa-dev.ru\/it\/wp-json\/wp\/v2\/media\/982086"}],"wp:attachment":[{"href":"https:\/\/mindspa-dev.ru\/it\/wp-json\/wp\/v2\/media?parent=737"}],"wp:term":[{"taxonomy":"product_brand","embeddable":true,"href":"https:\/\/mindspa-dev.ru\/it\/wp-json\/wp\/v2\/product_brand?post=737"},{"taxonomy":"product_cat","embeddable":true,"href":"https:\/\/mindspa-dev.ru\/it\/wp-json\/wp\/v2\/product_cat?post=737"},{"taxonomy":"product_tag","embeddable":true,"href":"https:\/\/mindspa-dev.ru\/it\/wp-json\/wp\/v2\/product_tag?post=737"}],"curies":[{"name":"wp","href":"https:\/\/api.w.org\/{rel}","templated":true}]}}